{"id":477,"date":"2021-11-15T15:03:34","date_gmt":"2021-11-15T15:03:34","guid":{"rendered":"https:\/\/impreza26.us-themes.com\/?page_id=477"},"modified":"2025-09-16T09:22:41","modified_gmt":"2025-09-16T06:22:41","slug":"iletisim","status":"publish","type":"page","link":"https:\/\/e-comgroup.com\/tr\/iletisim\/","title":{"rendered":"\u0130leti\u015fim"},"content":{"rendered":"<section class=\"l-section wpb_row height_small\"><div class=\"l-section-h i-cf\"><div class=\"g-cols vc_row via_grid cols_1 laptops-cols_inherit tablets-cols_inherit mobiles-cols_1 valign_top type_default stacking_default\"><div class=\"wpb_column vc_column_container\"><div class=\"vc_column-inner\"><\/div><\/div><\/div><\/div><\/section><section class=\"l-section wpb_row height_small width_custom\" style=\"--site-content-width:1350px;\"><div class=\"l-section-h i-cf\"><div class=\"g-cols vc_row via_grid cols_1 laptops-cols_inherit tablets-cols_inherit mobiles-cols_1 valign_top type_default stacking_default\"><div class=\"wpb_column vc_column_container\"><div class=\"vc_column-inner\"><div class=\"g-cols wpb_row via_grid cols_2-1 laptops-cols_inherit tablets-cols_1 mobiles-cols_1 valign_top type_default stacking_default\" style=\"--columns-gap:5rem;\"><div class=\"wpb_column vc_column_container us_custom_f7694144\"><div class=\"vc_column-inner\"><div class=\"w-text us_custom_cac00892 has_text_color\"><span class=\"w-text-h\"><span class=\"w-text-value\">\u0130leti\u015fime Ge\u00e7in<\/span><\/span><\/div><div class=\"wpb_text_column\"><div class=\"wpb_wrapper\"><h2>\u0130leti\u015fim Formu<\/h2>\n<\/div><\/div><div class=\"w-separator size_small\"><\/div><form class=\"w-form  us-field-style_1 layout_ver show_message_after_sending for_cform us_form_1\" action=\"https:\/\/e-comgroup.com\/tr\/tr\/wp-json\/wp\/v2\/pages\/477\" method=\"post\"><div class=\"w-form-h\"><div class=\"w-form-row for_text cols_2\">\r\n\t\t<div class=\"w-form-row-field\">\r\n\t\t\t\t\t\t<input aria-label=\"Ad\" type=\"text\" name=\"us_form_1_text_1\" value placeholder=\"Ad\"\/>\r\n\t\t\t<\/div>\r\n\t\t<div class=\"w-form-row-state\">Fill out this field<\/div>\r\n<\/div>\r\n<div class=\"w-form-row for_text cols_2\">\r\n\t\t<div class=\"w-form-row-field\">\r\n\t\t\t\t\t\t<input aria-label=\"Soyad\" type=\"text\" name=\"us_form_1_text_2\" value placeholder=\"Soyad\"\/>\r\n\t\t\t<\/div>\r\n\t\t<div class=\"w-form-row-state\">Fill out this field<\/div>\r\n<\/div>\r\n<div class=\"w-form-row for_text\">\r\n\t\t<div class=\"w-form-row-field\">\r\n\t\t\t\t\t\t<input aria-label=\"Firma Ad\u0131\" type=\"text\" name=\"us_form_1_text_3\" value placeholder=\"Firma Ad\u0131\"\/>\r\n\t\t\t<\/div>\r\n\t\t<div class=\"w-form-row-state\">Fill out this field<\/div>\r\n<\/div>\r\n<div class=\"w-form-row for_text cols_2\">\r\n\t\t<div class=\"w-form-row-field\">\r\n\t\t\t\t\t\t<input aria-label=\"Telefon\" type=\"text\" name=\"us_form_1_text_4\" value placeholder=\"Telefon\"\/>\r\n\t\t\t<\/div>\r\n\t\t<div class=\"w-form-row-state\">Fill out this field<\/div>\r\n<\/div>\r\n<div class=\"w-form-row for_text cols_2\">\r\n\t\t<div class=\"w-form-row-field\">\r\n\t\t\t\t\t\t<input aria-label=\"E-mail\" type=\"text\" name=\"us_form_1_text_5\" value placeholder=\"E-mail\"\/>\r\n\t\t\t<\/div>\r\n\t\t<div class=\"w-form-row-state\">Fill out this field<\/div>\r\n<\/div>\r\n<div class=\"w-form-row for_textarea\">\r\n\t\t<div class=\"w-form-row-field\">\r\n\t\t\t\t\t\t<textarea aria-label=\"Mesaj\u0131n\u0131z\" name=\"us_form_1_textarea_1\" placeholder=\"Mesaj\u0131n\u0131z\"><\/textarea>\r\n\t\t\t<\/div>\r\n\t\t<div class=\"w-form-row-state\">Fill out this field<\/div>\r\n<\/div>\r\n<div class=\"w-form-row for_captcha required\">\r\n\t<div class=\"w-form-row-label\">\r\n\t\t<span> <span>16 + 9 = ?<\/span><\/span>\r\n\t<\/div>\r\n\t<div class=\"w-form-row-field\">\r\n\t\t\t\t<input type=\"hidden\" name=\"us_form_1_captcha_1_hash\" value=\"ec64870ae5263809fb080e67b4d4f33e\" \/>\r\n\t\t\t\t<input aria-label=\"us_form_1_captcha_1\" type=\"text\" name=\"us_form_1_captcha_1\" placeholder data-required=\"true\" aria-required=\"true\"\/>\r\n\t\t\t<\/div>\r\n\t\t<div class=\"w-form-row-state\">Enter the equation result to proceed<\/div>\r\n<\/div>\r\n<input type=\"hidden\" name=\"action\" value=\"us_ajax_cform\" \/>\r\n<input type=\"hidden\" name=\"post_id\" value=\"0\" \/>\r\n<input type=\"hidden\" name=\"form_index\" value=\"1\" \/>\r\n<div class=\"w-form-row for_submit align_none\">\r\n\t<button class=\"w-btn  us-btn-style_10\" aria-label=\"G\u00f6nder\" type=\"submit\">\r\n\t\t<span class=\"g-preloader type_1\"><\/span>\r\n\t\t\t\t<span class=\"w-btn-label\">G\u00f6nder<\/span>\r\n\t\t\t<\/button>\r\n\t<\/div>\r\n<\/div><div class=\"w-form-message\"><\/div><div class=\"w-form-json hidden\" onclick='return {&quot;ajaxurl&quot;:&quot;https:\\\/\\\/e-comgroup.com\\\/tr\\\/wp-admin\\\/admin-ajax.php&quot;,&quot;messages&quot;:{&quot;err_empty&quot;:&quot;Fill out this field&quot;,&quot;err_size&quot;:&quot;File size cannot exceed %s MB&quot;,&quot;err_extension&quot;:&quot;%s file type is not allowed&quot;,&quot;err_recaptcha_keys&quot;:&quot;reCAPTCHA keys are incorrect&quot;}}'><\/div><\/form><\/div><\/div><div class=\"wpb_column vc_column_container\"><div class=\"vc_column-inner\"><div class=\"wpb_text_column\"><div class=\"wpb_wrapper\"><p><iframe loading=\"lazy\" style=\"border: 0.5rem;\" src=\"https:\/\/www.google.com\/maps\/embed?pb=!1m14!1m8!1m3!1d24083.255108563935!2d29.02698247509244!3d41.01635326447757!3m2!1i1024!2i768!4f13.1!3m3!1m2!1s0x14cab7a99249b0a1%3A0x66c07ae875167bae!2sE-com%20Group!5e0!3m2!1str!2str!4v1748938931067!5m2!1str!2str\" width=\"100%\" height=\"490\" allowfullscreen=\"allowfullscreen\"><\/iframe><\/p>\n<\/div><\/div><div class=\"w-separator size_custom\" style=\"height:10px\"><\/div><div class=\"w-btn-wrapper align_justify\"><a class=\"w-btn us-btn-style_10\" href=\"https:\/\/maps.app.goo.gl\/bdPKo3hjpAdqEh6K9\"><span class=\"w-btn-label\">Google Haritalarda G\u00f6r\u00fcnt\u00fcle<\/span><\/a><\/div><\/div><\/div><\/div><\/div><\/div><\/div><\/div><\/section><section class=\"l-section wpb_row us_custom_c810d169 height_small width_custom\" style=\"--site-content-width:1400px;\"><div class=\"l-section-h i-cf\"><div class=\"g-cols vc_row via_grid cols_1 laptops-cols_inherit tablets-cols_inherit mobiles-cols_1 valign_top type_default stacking_default\"><div class=\"wpb_column vc_column_container us_custom_0be5c4aa has_bg_color\"><div class=\"vc_column-inner\"><div class=\"w-text us_custom_cac00892 has_text_color\"><span class=\"w-text-h\"><span class=\"w-text-value\">Bize Ula\u015f\u0131n<\/span><\/span><\/div><div class=\"wpb_text_column us_custom_80a2f3a8\"><div class=\"wpb_wrapper\"><h2>\u0130leti\u015fim Bilgileri<\/h2>\n<p>Hemen bizimle ileti\u015fime ge\u00e7in ve e-ticaret ba\u015far\u0131n\u0131za giden ilk ad\u0131m\u0131 at\u0131n!<br \/>\nProfesyonel destek almak ve i\u015finizi b\u00fcy\u00fctmek i\u00e7in bize ula\u015f\u0131n.<\/p>\n<\/div><\/div><div class=\"w-separator size_large\"><\/div><div class=\"w-hwrapper us_custom_0259209c has_text_color valign_stretch wrap align_justify\" style=\"--hwrapper-gap:10px\"><p class=\"w-text us_custom_cd9c7090 has_text_color\"><a href=\"tel:+90 850 241 1060\" class=\"w-text-h\"><span class=\"w-text-value\">+90 850 241 1060<\/span><\/a><\/p><div class=\"w-text us_custom_cd9c7090 has_text_color\"><a href=\"mailto:sales@e-comgroup.com\" class=\"w-text-h\"><span class=\"w-text-value\">sales@e-comgroup.com<\/span><\/a><\/div><div class=\"w-socials us_custom_918288cd color_text shape_none\" style=\"--gap:16px;\"><div class=\"w-socials-list\"><div class=\"w-socials-item facebook\"><a target=\"_blank\" rel=\"nofollow\" href=\"https:\/\/www.facebook.com\/p\/E-com-Group-100084737663475\/ \" class=\"w-socials-item-link\" aria-label=\"Facebook\"><span class=\"w-socials-item-link-hover\"><\/span><i class=\"fab fa-facebook\"><\/i><\/a><div class=\"w-socials-item-popup\"><span>Facebook<\/span><\/div><\/div><div class=\"w-socials-item instagram\"><a href=\"https:\/\/www.instagram.com\/e_comgroup\/ \" class=\"w-socials-item-link\" aria-label=\"Instagram\"><span class=\"w-socials-item-link-hover\"><\/span><i class=\"fab fa-instagram\"><\/i><\/a><div class=\"w-socials-item-popup\"><span>Instagram<\/span><\/div><\/div><div class=\"w-socials-item linkedin\"><a target=\"_blank\" rel=\"nofollow\" href=\"https:\/\/www.linkedin.com\/company\/e-comgroup\/?viewAsMember=true \" class=\"w-socials-item-link\" aria-label=\"LinkedIn\"><span class=\"w-socials-item-link-hover\"><\/span><i class=\"fab fa-linkedin\"><\/i><\/a><div class=\"w-socials-item-popup\"><span>LinkedIn<\/span><\/div><\/div><div class=\"w-socials-item twitter\"><a target=\"_blank\" rel=\"nofollow\" href=\"#\" class=\"w-socials-item-link\" aria-label=\"X\"><span class=\"w-socials-item-link-hover\"><\/span><i class=\"fab fa-x-twitter\"><svg style=\"width:1em; margin-bottom:-.1em;\" xmlns=\"http:\/\/www.w3.org\/2000\/svg\" viewBox=\"0 0 512 512\"><path fill=\"currentColor\" d=\"M389.2 48h70.6L305.6 224.2 487 464H345L233.7 318.6 106.5 464H35.8L200.7 275.5 26.8 48H172.4L272.9 180.9 389.2 48zM364.4 421.8h39.1L151.1 88h-42L364.4 421.8z\"\/><\/svg><\/i><\/a><div class=\"w-socials-item-popup\"><span>X<\/span><\/div><\/div><\/div><\/div><\/div><\/div><\/div><\/div><\/div><\/section><section class=\"l-section wpb_row height_auto\"><div class=\"l-section-h i-cf\"><div class=\"g-cols vc_row via_grid cols_1 laptops-cols_inherit tablets-cols_inherit mobiles-cols_1 valign_top type_default stacking_default\"><div class=\"wpb_column vc_column_container\"><div class=\"vc_column-inner\"><\/div><\/div><\/div><\/div><\/section>\n","protected":false},"excerpt":{"rendered":"\u0130leti\u015fime Ge\u00e7in\u0130leti\u015fim Formu Fill out this field Fill out this field Fill out this field Fill out this field Fill out this field Fill out this field 20 - 8 = ? Enter the equation result to proceed G\u00f6nder Google Haritalarda G\u00f6r\u00fcnt\u00fcleBize Ula\u015f\u0131n\u0130leti\u015fim Bilgileri Hemen bizimle ileti\u015fime ge\u00e7in ve e-ticaret ba\u015far\u0131n\u0131za giden ilk ad\u0131m\u0131 at\u0131n!...","protected":false},"author":1,"featured_media":0,"parent":0,"menu_order":0,"comment_status":"closed","ping_status":"closed","template":"","meta":{"_acf_changed":false,"footnotes":""},"class_list":["post-477","page","type-page","status-publish","hentry"],"acf":[],"yoast_head":"<!-- This site is optimized with the Yoast SEO Premium plugin v26.6 (Yoast SEO v26.6) - https:\/\/yoast.com\/wordpress\/plugins\/seo\/ -->\n<title>\u0130leti\u015fim | E-Com Group | Amazon Dan\u0131\u015fmanl\u0131k - SPN - Amazon Dan\u0131\u015fmanl\u0131\u011f\u0131<\/title>\n<meta name=\"robots\" content=\"index, follow, max-snippet:-1, max-image-preview:large, max-video-preview:-1\" \/>\n<link rel=\"canonical\" href=\"https:\/\/e-comgroup.com\/tr\/iletisim\/\" \/>\n<meta property=\"og:locale\" content=\"tr_TR\" \/>\n<meta property=\"og:type\" content=\"article\" \/>\n<meta property=\"og:title\" content=\"\u0130leti\u015fim\" \/>\n<meta property=\"og:url\" content=\"https:\/\/e-comgroup.com\/tr\/iletisim\/\" \/>\n<meta property=\"og:site_name\" content=\"E-Com Group | Amazon Dan\u0131\u015fmanl\u0131k - SPN - Amazon Dan\u0131\u015fmanl\u0131\u011f\u0131\" \/>\n<meta property=\"article:modified_time\" content=\"2025-09-16T06:22:41+00:00\" \/>\n<meta name=\"twitter:card\" content=\"summary_large_image\" \/>\n<meta name=\"twitter:label1\" content=\"Tahmini okuma s\u00fcresi\" \/>\n\t<meta name=\"twitter:data1\" content=\"1 dakika\" \/>\n<script type=\"application\/ld+json\" class=\"yoast-schema-graph\">{\"@context\":\"https:\/\/schema.org\",\"@graph\":[{\"@type\":\"WebPage\",\"@id\":\"https:\/\/e-comgroup.com\/tr\/iletisim\/\",\"url\":\"https:\/\/e-comgroup.com\/tr\/iletisim\/\",\"name\":\"\u0130leti\u015fim | E-Com Group | Amazon Dan\u0131\u015fmanl\u0131k - SPN - Amazon Dan\u0131\u015fmanl\u0131\u011f\u0131\",\"isPartOf\":{\"@id\":\"https:\/\/e-comgroup.com\/tr\/#website\"},\"datePublished\":\"2021-11-15T15:03:34+00:00\",\"dateModified\":\"2025-09-16T06:22:41+00:00\",\"breadcrumb\":{\"@id\":\"https:\/\/e-comgroup.com\/tr\/iletisim\/#breadcrumb\"},\"inLanguage\":\"tr\",\"potentialAction\":[{\"@type\":\"ReadAction\",\"target\":[\"https:\/\/e-comgroup.com\/tr\/iletisim\/\"]}]},{\"@type\":\"BreadcrumbList\",\"@id\":\"https:\/\/e-comgroup.com\/tr\/iletisim\/#breadcrumb\",\"itemListElement\":[{\"@type\":\"ListItem\",\"position\":1,\"name\":\"Anasayfa\",\"item\":\"https:\/\/e-comgroup.com\/tr\/\"},{\"@type\":\"ListItem\",\"position\":2,\"name\":\"\u0130leti\u015fim\"}]},{\"@type\":\"WebSite\",\"@id\":\"https:\/\/e-comgroup.com\/tr\/#website\",\"url\":\"https:\/\/e-comgroup.com\/tr\/\",\"name\":\"E-Com Group | Amazon Dan\u0131\u015fmanl\u0131k - SPN - Amazon Dan\u0131\u015fmanl\u0131\u011f\u0131\",\"description\":\"\",\"potentialAction\":[{\"@type\":\"SearchAction\",\"target\":{\"@type\":\"EntryPoint\",\"urlTemplate\":\"https:\/\/e-comgroup.com\/tr\/?s={search_term_string}\"},\"query-input\":{\"@type\":\"PropertyValueSpecification\",\"valueRequired\":true,\"valueName\":\"search_term_string\"}}],\"inLanguage\":\"tr\"}]}<\/script>\n<!-- \/ Yoast SEO Premium plugin. -->","yoast_head_json":{"title":"\u0130leti\u015fim | E-Com Group | Amazon Dan\u0131\u015fmanl\u0131k - SPN - Amazon Dan\u0131\u015fmanl\u0131\u011f\u0131","robots":{"index":"index","follow":"follow","max-snippet":"max-snippet:-1","max-image-preview":"max-image-preview:large","max-video-preview":"max-video-preview:-1"},"canonical":"https:\/\/e-comgroup.com\/tr\/iletisim\/","og_locale":"tr_TR","og_type":"article","og_title":"\u0130leti\u015fim","og_url":"https:\/\/e-comgroup.com\/tr\/iletisim\/","og_site_name":"E-Com Group | Amazon Dan\u0131\u015fmanl\u0131k - SPN - Amazon Dan\u0131\u015fmanl\u0131\u011f\u0131","article_modified_time":"2025-09-16T06:22:41+00:00","twitter_card":"summary_large_image","twitter_misc":{"Tahmini okuma s\u00fcresi":"1 dakika"},"schema":{"@context":"https:\/\/schema.org","@graph":[{"@type":"WebPage","@id":"https:\/\/e-comgroup.com\/tr\/iletisim\/","url":"https:\/\/e-comgroup.com\/tr\/iletisim\/","name":"\u0130leti\u015fim | E-Com Group | Amazon Dan\u0131\u015fmanl\u0131k - SPN - Amazon Dan\u0131\u015fmanl\u0131\u011f\u0131","isPartOf":{"@id":"https:\/\/e-comgroup.com\/tr\/#website"},"datePublished":"2021-11-15T15:03:34+00:00","dateModified":"2025-09-16T06:22:41+00:00","breadcrumb":{"@id":"https:\/\/e-comgroup.com\/tr\/iletisim\/#breadcrumb"},"inLanguage":"tr","potentialAction":[{"@type":"ReadAction","target":["https:\/\/e-comgroup.com\/tr\/iletisim\/"]}]},{"@type":"BreadcrumbList","@id":"https:\/\/e-comgroup.com\/tr\/iletisim\/#breadcrumb","itemListElement":[{"@type":"ListItem","position":1,"name":"Anasayfa","item":"https:\/\/e-comgroup.com\/tr\/"},{"@type":"ListItem","position":2,"name":"\u0130leti\u015fim"}]},{"@type":"WebSite","@id":"https:\/\/e-comgroup.com\/tr\/#website","url":"https:\/\/e-comgroup.com\/tr\/","name":"E-Com Group | Amazon Dan\u0131\u015fmanl\u0131k - SPN - Amazon Dan\u0131\u015fmanl\u0131\u011f\u0131","description":"","potentialAction":[{"@type":"SearchAction","target":{"@type":"EntryPoint","urlTemplate":"https:\/\/e-comgroup.com\/tr\/?s={search_term_string}"},"query-input":{"@type":"PropertyValueSpecification","valueRequired":true,"valueName":"search_term_string"}}],"inLanguage":"tr"}]}},"_links":{"self":[{"href":"https:\/\/e-comgroup.com\/tr\/wp-json\/wp\/v2\/pages\/477","targetHints":{"allow":["GET"]}}],"collection":[{"href":"https:\/\/e-comgroup.com\/tr\/wp-json\/wp\/v2\/pages"}],"about":[{"href":"https:\/\/e-comgroup.com\/tr\/wp-json\/wp\/v2\/types\/page"}],"author":[{"embeddable":true,"href":"https:\/\/e-comgroup.com\/tr\/wp-json\/wp\/v2\/users\/1"}],"replies":[{"embeddable":true,"href":"https:\/\/e-comgroup.com\/tr\/wp-json\/wp\/v2\/comments?post=477"}],"version-history":[{"count":88,"href":"https:\/\/e-comgroup.com\/tr\/wp-json\/wp\/v2\/pages\/477\/revisions"}],"predecessor-version":[{"id":3107,"href":"https:\/\/e-comgroup.com\/tr\/wp-json\/wp\/v2\/pages\/477\/revisions\/3107"}],"wp:attachment":[{"href":"https:\/\/e-comgroup.com\/tr\/wp-json\/wp\/v2\/media?parent=477"}],"curies":[{"name":"wp","href":"https:\/\/api.w.org\/{rel}","templated":true}]}}