{"id":2471,"date":"2025-05-21T13:29:40","date_gmt":"2025-05-21T10:29:40","guid":{"rendered":"https:\/\/e-comgroup.com\/?page_id=2471"},"modified":"2025-05-21T13:29:50","modified_gmt":"2025-05-21T10:29:50","slug":"ebay","status":"publish","type":"page","link":"https:\/\/e-comgroup.com\/tr\/ebay\/","title":{"rendered":"eBay"},"content":{"rendered":"","protected":false},"excerpt":{"rendered":"","protected":false},"author":1,"featured_media":0,"parent":0,"menu_order":0,"comment_status":"closed","ping_status":"closed","template":"","meta":{"_acf_changed":false,"footnotes":""},"class_list":["post-2471","page","type-page","status-publish","hentry"],"acf":[],"yoast_head":"<!-- This site is optimized with the Yoast SEO Premium plugin v26.6 (Yoast SEO v26.6) - https:\/\/yoast.com\/wordpress\/plugins\/seo\/ -->\n<title>eBay | E-Com Group | Amazon Dan\u0131\u015fmanl\u0131k - SPN - Amazon Dan\u0131\u015fmanl\u0131\u011f\u0131<\/title>\n<meta name=\"robots\" content=\"index, follow, max-snippet:-1, max-image-preview:large, max-video-preview:-1\" \/>\n<link rel=\"canonical\" href=\"https:\/\/e-comgroup.com\/tr\/ebay\/\" \/>\n<meta property=\"og:locale\" content=\"tr_TR\" \/>\n<meta property=\"og:type\" content=\"article\" \/>\n<meta property=\"og:title\" content=\"eBay\" \/>\n<meta property=\"og:url\" content=\"https:\/\/e-comgroup.com\/tr\/ebay\/\" \/>\n<meta property=\"og:site_name\" content=\"E-Com Group | Amazon Dan\u0131\u015fmanl\u0131k - SPN - Amazon Dan\u0131\u015fmanl\u0131\u011f\u0131\" \/>\n<meta property=\"article:modified_time\" content=\"2025-05-21T10:29:50+00:00\" \/>\n<meta name=\"twitter:card\" content=\"summary_large_image\" \/>\n<script type=\"application\/ld+json\" class=\"yoast-schema-graph\">{\"@context\":\"https:\/\/schema.org\",\"@graph\":[{\"@type\":\"WebPage\",\"@id\":\"https:\/\/e-comgroup.com\/tr\/ebay\/\",\"url\":\"https:\/\/e-comgroup.com\/tr\/ebay\/\",\"name\":\"eBay | E-Com Group | Amazon Dan\u0131\u015fmanl\u0131k - SPN - Amazon Dan\u0131\u015fmanl\u0131\u011f\u0131\",\"isPartOf\":{\"@id\":\"https:\/\/e-comgroup.com\/tr\/#website\"},\"datePublished\":\"2025-05-21T10:29:40+00:00\",\"dateModified\":\"2025-05-21T10:29:50+00:00\",\"breadcrumb\":{\"@id\":\"https:\/\/e-comgroup.com\/tr\/ebay\/#breadcrumb\"},\"inLanguage\":\"tr\",\"potentialAction\":[{\"@type\":\"ReadAction\",\"target\":[\"https:\/\/e-comgroup.com\/tr\/ebay\/\"]}]},{\"@type\":\"BreadcrumbList\",\"@id\":\"https:\/\/e-comgroup.com\/tr\/ebay\/#breadcrumb\",\"itemListElement\":[{\"@type\":\"ListItem\",\"position\":1,\"name\":\"Anasayfa\",\"item\":\"https:\/\/e-comgroup.com\/tr\/\"},{\"@type\":\"ListItem\",\"position\":2,\"name\":\"eBay\"}]},{\"@type\":\"WebSite\",\"@id\":\"https:\/\/e-comgroup.com\/tr\/#website\",\"url\":\"https:\/\/e-comgroup.com\/tr\/\",\"name\":\"E-Com Group | Amazon Dan\u0131\u015fmanl\u0131k - SPN - Amazon Dan\u0131\u015fmanl\u0131\u011f\u0131\",\"description\":\"\",\"potentialAction\":[{\"@type\":\"SearchAction\",\"target\":{\"@type\":\"EntryPoint\",\"urlTemplate\":\"https:\/\/e-comgroup.com\/tr\/?s={search_term_string}\"},\"query-input\":{\"@type\":\"PropertyValueSpecification\",\"valueRequired\":true,\"valueName\":\"search_term_string\"}}],\"inLanguage\":\"tr\"}]}<\/script>\n<!-- \/ Yoast SEO Premium plugin. -->","yoast_head_json":{"title":"eBay | E-Com Group | Amazon Dan\u0131\u015fmanl\u0131k - SPN - Amazon Dan\u0131\u015fmanl\u0131\u011f\u0131","robots":{"index":"index","follow":"follow","max-snippet":"max-snippet:-1","max-image-preview":"max-image-preview:large","max-video-preview":"max-video-preview:-1"},"canonical":"https:\/\/e-comgroup.com\/tr\/ebay\/","og_locale":"tr_TR","og_type":"article","og_title":"eBay","og_url":"https:\/\/e-comgroup.com\/tr\/ebay\/","og_site_name":"E-Com Group | Amazon Dan\u0131\u015fmanl\u0131k - SPN - Amazon Dan\u0131\u015fmanl\u0131\u011f\u0131","article_modified_time":"2025-05-21T10:29:50+00:00","twitter_card":"summary_large_image","schema":{"@context":"https:\/\/schema.org","@graph":[{"@type":"WebPage","@id":"https:\/\/e-comgroup.com\/tr\/ebay\/","url":"https:\/\/e-comgroup.com\/tr\/ebay\/","name":"eBay | E-Com Group | Amazon Dan\u0131\u015fmanl\u0131k - SPN - Amazon Dan\u0131\u015fmanl\u0131\u011f\u0131","isPartOf":{"@id":"https:\/\/e-comgroup.com\/tr\/#website"},"datePublished":"2025-05-21T10:29:40+00:00","dateModified":"2025-05-21T10:29:50+00:00","breadcrumb":{"@id":"https:\/\/e-comgroup.com\/tr\/ebay\/#breadcrumb"},"inLanguage":"tr","potentialAction":[{"@type":"ReadAction","target":["https:\/\/e-comgroup.com\/tr\/ebay\/"]}]},{"@type":"BreadcrumbList","@id":"https:\/\/e-comgroup.com\/tr\/ebay\/#breadcrumb","itemListElement":[{"@type":"ListItem","position":1,"name":"Anasayfa","item":"https:\/\/e-comgroup.com\/tr\/"},{"@type":"ListItem","position":2,"name":"eBay"}]},{"@type":"WebSite","@id":"https:\/\/e-comgroup.com\/tr\/#website","url":"https:\/\/e-comgroup.com\/tr\/","name":"E-Com Group | Amazon Dan\u0131\u015fmanl\u0131k - SPN - Amazon Dan\u0131\u015fmanl\u0131\u011f\u0131","description":"","potentialAction":[{"@type":"SearchAction","target":{"@type":"EntryPoint","urlTemplate":"https:\/\/e-comgroup.com\/tr\/?s={search_term_string}"},"query-input":{"@type":"PropertyValueSpecification","valueRequired":true,"valueName":"search_term_string"}}],"inLanguage":"tr"}]}},"_links":{"self":[{"href":"https:\/\/e-comgroup.com\/tr\/wp-json\/wp\/v2\/pages\/2471","targetHints":{"allow":["GET"]}}],"collection":[{"href":"https:\/\/e-comgroup.com\/tr\/wp-json\/wp\/v2\/pages"}],"about":[{"href":"https:\/\/e-comgroup.com\/tr\/wp-json\/wp\/v2\/types\/page"}],"author":[{"embeddable":true,"href":"https:\/\/e-comgroup.com\/tr\/wp-json\/wp\/v2\/users\/1"}],"replies":[{"embeddable":true,"href":"https:\/\/e-comgroup.com\/tr\/wp-json\/wp\/v2\/comments?post=2471"}],"version-history":[{"count":2,"href":"https:\/\/e-comgroup.com\/tr\/wp-json\/wp\/v2\/pages\/2471\/revisions"}],"predecessor-version":[{"id":2474,"href":"https:\/\/e-comgroup.com\/tr\/wp-json\/wp\/v2\/pages\/2471\/revisions\/2474"}],"wp:attachment":[{"href":"https:\/\/e-comgroup.com\/tr\/wp-json\/wp\/v2\/media?parent=2471"}],"curies":[{"name":"wp","href":"https:\/\/api.w.org\/{rel}","templated":true}]}}