{"id":2171,"date":"2025-04-11T11:30:14","date_gmt":"2025-04-11T08:30:14","guid":{"rendered":"https:\/\/e-comgroup.com\/?page_id=2171"},"modified":"2025-12-15T15:55:30","modified_gmt":"2025-12-15T12:55:30","slug":"walmart","status":"publish","type":"page","link":"https:\/\/e-comgroup.com\/tr\/walmart\/","title":{"rendered":"Walmart"},"content":{"rendered":"<section class=\"l-section wpb_row height_large\"><div class=\"l-section-h i-cf\"><div class=\"g-cols vc_row via_grid cols_1 laptops-cols_inherit tablets-cols_inherit mobiles-cols_1 valign_top type_default stacking_default\"><div class=\"wpb_column vc_column_container\"><div class=\"vc_column-inner\"><div class=\"wpb_text_column\"><div class=\"wpb_wrapper\"><p>Amazon&#8217;dan sonra Amerika&#8217;n\u0131n en b\u00fcy\u00fck ikinci pazar yeri olan Walmart, devasa ticari hacmi ile\u00a0T\u00fcrk sat\u0131c\u0131lar\u0131n ilgisini \u00e7ekiyor. Walmart&#8217;ta do\u011fru bir \u015fekilde a\u00e7\u0131lm\u0131\u015f bir ma\u011faza uzun vadede firmalara iyi bir nakit ak\u0131\u015f\u0131 sa\u011fl\u0131yor.<\/p>\n<p>T\u00fcrkiye&#8217;de Walmart&#8217;\u0131n servis partneri olarak E-com Group, Walmart Hesap A\u00e7\u0131l\u0131\u015f\u0131, Hesap Y\u00f6netimi, Reklam ve Sat\u0131\u015f Performans Y\u00f6netimi gibi alanlarda Walmart USA sat\u0131\u015f konusuda firmalara destek veriyor.<\/p>\n<p>Walmart USA sat\u0131\u015f\u0131 hakk\u0131nda verdi\u011fimiz detayl\u0131 hizmetler i\u00e7in ilgili <a href=\"https:\/\/e-comgroup.com\/tr\/walmart-danismanligi-walmart-danismanlik-sirketleri\/\">blog yaz\u0131m\u0131z\u0131<\/a> okuyabilirsiniz.<\/p>\n<p>Amerika&#8217;da Amazon hesaplar\u0131 a\u00e7\u0131ld\u0131ktan sonra akla gelen ikinci pazar yeri olan Walmart hakk\u0131nda kapsaml\u0131 hizmetler sunuyoruz. Hem Amazon&#8217;un hem de Walmart&#8217;\u0131n T\u00fcrkiye&#8217;deki resmi hizmet sa\u011flay\u0131c\u0131s\u0131 olarak kurumsal firmalar\u0131n sat\u0131c\u0131 hesaplar\u0131n\u0131n kurulumu, Amazon Sat\u0131c\u0131 Hesab\u0131 Y\u00f6netimi ve Walmart Sat\u0131c\u0131 Hesab\u0131 Y\u00f6netimi alanlar\u0131nda kapsaml\u0131 e-ihracat hizmetleri sunuyoruz.<\/p>\n<p>E-com Group olarak hizmet taleplerinizi ve sorular\u0131n\u0131z\u0131 bize e-mail ya da telefonla ula\u015farak iletebilirsiniz. \u0130leti\u015fim bilgilerimiz i\u00e7in \u0130leti\u015fim sayfas\u0131n\u0131 ziyaret edebilirsiniz.<\/p>\n<\/div><\/div><\/div><\/div><\/div><\/div><\/section>\n","protected":false},"excerpt":{"rendered":"Amazon&#8217;dan sonra Amerika&#8217;n\u0131n en b\u00fcy\u00fck ikinci pazar yeri olan Walmart, devasa ticari hacmi ile\u00a0T\u00fcrk sat\u0131c\u0131lar\u0131n ilgisini \u00e7ekiyor. Walmart&#8217;ta do\u011fru bir \u015fekilde a\u00e7\u0131lm\u0131\u015f bir ma\u011faza uzun vadede firmalara iyi bir nakit ak\u0131\u015f\u0131 sa\u011fl\u0131yor. T\u00fcrkiye&#8217;de Walmart&#8217;\u0131n servis partneri olarak E-com Group, Walmart Hesap A\u00e7\u0131l\u0131\u015f\u0131, Hesap Y\u00f6netimi, Reklam ve Sat\u0131\u015f Performans Y\u00f6netimi gibi alanlarda Walmart USA sat\u0131\u015f konusuda...","protected":false},"author":1,"featured_media":0,"parent":0,"menu_order":0,"comment_status":"closed","ping_status":"closed","template":"","meta":{"_acf_changed":false,"footnotes":""},"class_list":["post-2171","page","type-page","status-publish","hentry"],"acf":[],"yoast_head":"<!-- This site is optimized with the Yoast SEO Premium plugin v26.6 (Yoast SEO v26.6) - https:\/\/yoast.com\/wordpress\/plugins\/seo\/ -->\n<title>Walmart | E-Com Group | Amazon Dan\u0131\u015fmanl\u0131k - SPN - Amazon Dan\u0131\u015fmanl\u0131\u011f\u0131<\/title>\n<meta name=\"description\" content=\"Walmart USA T\u00fcrk sat\u0131c\u0131lar i\u00e7in ticari hacmi ile g\u00f6z kama\u015ft\u0131ran bir online pazar yeri. T\u00fcrkiye&#039;den Amerika&#039;ya Walmart ile e-ihracat yap\u0131n.\" \/>\n<meta name=\"robots\" content=\"index, follow, max-snippet:-1, max-image-preview:large, max-video-preview:-1\" \/>\n<link rel=\"canonical\" href=\"https:\/\/e-comgroup.com\/tr\/walmart\/\" \/>\n<meta property=\"og:locale\" content=\"tr_TR\" \/>\n<meta property=\"og:type\" content=\"article\" \/>\n<meta property=\"og:title\" content=\"Walmart\" \/>\n<meta property=\"og:description\" content=\"Walmart USA T\u00fcrk sat\u0131c\u0131lar i\u00e7in ticari hacmi ile g\u00f6z kama\u015ft\u0131ran bir online pazar yeri. T\u00fcrkiye&#039;den Amerika&#039;ya Walmart ile e-ihracat yap\u0131n.\" \/>\n<meta property=\"og:url\" content=\"https:\/\/e-comgroup.com\/tr\/walmart\/\" \/>\n<meta property=\"og:site_name\" content=\"E-Com Group | Amazon Dan\u0131\u015fmanl\u0131k - SPN - Amazon Dan\u0131\u015fmanl\u0131\u011f\u0131\" \/>\n<meta property=\"article:modified_time\" content=\"2025-12-15T12:55:30+00:00\" \/>\n<meta name=\"twitter:card\" content=\"summary_large_image\" \/>\n<meta name=\"twitter:label1\" content=\"Tahmini okuma s\u00fcresi\" \/>\n\t<meta name=\"twitter:data1\" content=\"1 dakika\" \/>\n<script type=\"application\/ld+json\" class=\"yoast-schema-graph\">{\"@context\":\"https:\/\/schema.org\",\"@graph\":[{\"@type\":\"WebPage\",\"@id\":\"https:\/\/e-comgroup.com\/tr\/walmart\/\",\"url\":\"https:\/\/e-comgroup.com\/tr\/walmart\/\",\"name\":\"Walmart | E-Com Group | Amazon Dan\u0131\u015fmanl\u0131k - SPN - Amazon Dan\u0131\u015fmanl\u0131\u011f\u0131\",\"isPartOf\":{\"@id\":\"https:\/\/e-comgroup.com\/tr\/#website\"},\"datePublished\":\"2025-04-11T08:30:14+00:00\",\"dateModified\":\"2025-12-15T12:55:30+00:00\",\"description\":\"Walmart USA T\u00fcrk sat\u0131c\u0131lar i\u00e7in ticari hacmi ile g\u00f6z kama\u015ft\u0131ran bir online pazar yeri. T\u00fcrkiye'den Amerika'ya Walmart ile e-ihracat yap\u0131n.\",\"breadcrumb\":{\"@id\":\"https:\/\/e-comgroup.com\/tr\/walmart\/#breadcrumb\"},\"inLanguage\":\"tr\",\"potentialAction\":[{\"@type\":\"ReadAction\",\"target\":[\"https:\/\/e-comgroup.com\/tr\/walmart\/\"]}]},{\"@type\":\"BreadcrumbList\",\"@id\":\"https:\/\/e-comgroup.com\/tr\/walmart\/#breadcrumb\",\"itemListElement\":[{\"@type\":\"ListItem\",\"position\":1,\"name\":\"Anasayfa\",\"item\":\"https:\/\/e-comgroup.com\/tr\/\"},{\"@type\":\"ListItem\",\"position\":2,\"name\":\"Walmart\"}]},{\"@type\":\"WebSite\",\"@id\":\"https:\/\/e-comgroup.com\/tr\/#website\",\"url\":\"https:\/\/e-comgroup.com\/tr\/\",\"name\":\"E-Com Group | Amazon Dan\u0131\u015fmanl\u0131k - SPN - Amazon Dan\u0131\u015fmanl\u0131\u011f\u0131\",\"description\":\"\",\"potentialAction\":[{\"@type\":\"SearchAction\",\"target\":{\"@type\":\"EntryPoint\",\"urlTemplate\":\"https:\/\/e-comgroup.com\/tr\/?s={search_term_string}\"},\"query-input\":{\"@type\":\"PropertyValueSpecification\",\"valueRequired\":true,\"valueName\":\"search_term_string\"}}],\"inLanguage\":\"tr\"}]}<\/script>\n<!-- \/ Yoast SEO Premium plugin. -->","yoast_head_json":{"title":"Walmart | E-Com Group | Amazon Dan\u0131\u015fmanl\u0131k - SPN - Amazon Dan\u0131\u015fmanl\u0131\u011f\u0131","description":"Walmart USA T\u00fcrk sat\u0131c\u0131lar i\u00e7in ticari hacmi ile g\u00f6z kama\u015ft\u0131ran bir online pazar yeri. T\u00fcrkiye'den Amerika'ya Walmart ile e-ihracat yap\u0131n.","robots":{"index":"index","follow":"follow","max-snippet":"max-snippet:-1","max-image-preview":"max-image-preview:large","max-video-preview":"max-video-preview:-1"},"canonical":"https:\/\/e-comgroup.com\/tr\/walmart\/","og_locale":"tr_TR","og_type":"article","og_title":"Walmart","og_description":"Walmart USA T\u00fcrk sat\u0131c\u0131lar i\u00e7in ticari hacmi ile g\u00f6z kama\u015ft\u0131ran bir online pazar yeri. T\u00fcrkiye'den Amerika'ya Walmart ile e-ihracat yap\u0131n.","og_url":"https:\/\/e-comgroup.com\/tr\/walmart\/","og_site_name":"E-Com Group | Amazon Dan\u0131\u015fmanl\u0131k - SPN - Amazon Dan\u0131\u015fmanl\u0131\u011f\u0131","article_modified_time":"2025-12-15T12:55:30+00:00","twitter_card":"summary_large_image","twitter_misc":{"Tahmini okuma s\u00fcresi":"1 dakika"},"schema":{"@context":"https:\/\/schema.org","@graph":[{"@type":"WebPage","@id":"https:\/\/e-comgroup.com\/tr\/walmart\/","url":"https:\/\/e-comgroup.com\/tr\/walmart\/","name":"Walmart | E-Com Group | Amazon Dan\u0131\u015fmanl\u0131k - SPN - Amazon Dan\u0131\u015fmanl\u0131\u011f\u0131","isPartOf":{"@id":"https:\/\/e-comgroup.com\/tr\/#website"},"datePublished":"2025-04-11T08:30:14+00:00","dateModified":"2025-12-15T12:55:30+00:00","description":"Walmart USA T\u00fcrk sat\u0131c\u0131lar i\u00e7in ticari hacmi ile g\u00f6z kama\u015ft\u0131ran bir online pazar yeri. T\u00fcrkiye'den Amerika'ya Walmart ile e-ihracat yap\u0131n.","breadcrumb":{"@id":"https:\/\/e-comgroup.com\/tr\/walmart\/#breadcrumb"},"inLanguage":"tr","potentialAction":[{"@type":"ReadAction","target":["https:\/\/e-comgroup.com\/tr\/walmart\/"]}]},{"@type":"BreadcrumbList","@id":"https:\/\/e-comgroup.com\/tr\/walmart\/#breadcrumb","itemListElement":[{"@type":"ListItem","position":1,"name":"Anasayfa","item":"https:\/\/e-comgroup.com\/tr\/"},{"@type":"ListItem","position":2,"name":"Walmart"}]},{"@type":"WebSite","@id":"https:\/\/e-comgroup.com\/tr\/#website","url":"https:\/\/e-comgroup.com\/tr\/","name":"E-Com Group | Amazon Dan\u0131\u015fmanl\u0131k - SPN - Amazon Dan\u0131\u015fmanl\u0131\u011f\u0131","description":"","potentialAction":[{"@type":"SearchAction","target":{"@type":"EntryPoint","urlTemplate":"https:\/\/e-comgroup.com\/tr\/?s={search_term_string}"},"query-input":{"@type":"PropertyValueSpecification","valueRequired":true,"valueName":"search_term_string"}}],"inLanguage":"tr"}]}},"_links":{"self":[{"href":"https:\/\/e-comgroup.com\/tr\/wp-json\/wp\/v2\/pages\/2171","targetHints":{"allow":["GET"]}}],"collection":[{"href":"https:\/\/e-comgroup.com\/tr\/wp-json\/wp\/v2\/pages"}],"about":[{"href":"https:\/\/e-comgroup.com\/tr\/wp-json\/wp\/v2\/types\/page"}],"author":[{"embeddable":true,"href":"https:\/\/e-comgroup.com\/tr\/wp-json\/wp\/v2\/users\/1"}],"replies":[{"embeddable":true,"href":"https:\/\/e-comgroup.com\/tr\/wp-json\/wp\/v2\/comments?post=2171"}],"version-history":[{"count":4,"href":"https:\/\/e-comgroup.com\/tr\/wp-json\/wp\/v2\/pages\/2171\/revisions"}],"predecessor-version":[{"id":3205,"href":"https:\/\/e-comgroup.com\/tr\/wp-json\/wp\/v2\/pages\/2171\/revisions\/3205"}],"wp:attachment":[{"href":"https:\/\/e-comgroup.com\/tr\/wp-json\/wp\/v2\/media?parent=2171"}],"curies":[{"name":"wp","href":"https:\/\/api.w.org\/{rel}","templated":true}]}}