{"id":2057,"date":"2025-03-27T09:55:40","date_gmt":"2025-03-27T06:55:40","guid":{"rendered":"https:\/\/e-comgroup.com\/?page_id=2057"},"modified":"2025-06-12T14:26:14","modified_gmt":"2025-06-12T11:26:14","slug":"amazon-spn","status":"publish","type":"page","link":"https:\/\/e-comgroup.com\/tr\/amazon-spn\/","title":{"rendered":"Amazon SPN"},"content":{"rendered":"<section class=\"l-section wpb_row height_large\"><div class=\"l-section-h i-cf\"><div class=\"g-cols vc_row via_grid cols_1 laptops-cols_inherit tablets-cols_inherit mobiles-cols_1 valign_top type_default stacking_default\"><div class=\"wpb_column vc_column_container\"><div class=\"vc_column-inner\"><div class=\"w-hwrapper valign_middle align_center\"><div class=\"wpb_text_column us_custom_3fe7c9fd\"><div class=\"wpb_wrapper\"><p style=\"text-align: center;\">Amazon SPN (Service Provider Network), Amazon&#8217;un resmi olarak yetki verdi\u011fi partnerleri ifade etmektedir. E-com Group Dan\u0131\u015fmanl\u0131k firmas\u0131 olarak, T\u00fcrkiye&#8217;nin ilk Amazon SPN&#8217;i yani Amazon taraf\u0131ndan yetkilendirilmi\u015f firmas\u0131 olmaktan gurur duyar\u0131z.<\/p>\n<\/div><\/div><\/div><div class=\"w-separator size_custom\" style=\"height:10vh\"><\/div><div class=\"g-cols wpb_row via_grid cols_2 laptops-cols_inherit tablets-cols_inherit mobiles-cols_1 valign_middle type_default stacking_default\" style=\"--columns-gap:3rem;\"><div class=\"wpb_column vc_column_container\"><div class=\"vc_column-inner\"><h2 class=\"w-text us_custom_efc5ad30 has_text_color us_animate_this\"><span class=\"w-text-h\"><span class=\"w-text-value\">AMAZON SPN NEDEN \u00d6NEML\u0130D\u0130R?<\/span><\/span><\/h2><div class=\"wpb_text_column us_custom_6c21c073 us_animate_this\"><div class=\"wpb_wrapper\"><p><strong>Amazon taraf\u0131ndan yetkilendirilen firmadan Amazon Dan\u0131\u015fmanl\u0131\u011f\u0131 almak,<\/strong><br \/>\n<strong>cevaplar\u0131n\u0131 bildi\u011finiz s\u0131nava girmeye benzer. T\u00fcrkiye&#8217;nin ilk resmi Amazon<\/strong><br \/>\n<strong>Dan\u0131\u015fman\u0131 Firmas\u0131 olarak bu s\u0131navda sizin yan\u0131n\u0131zday\u0131z.<\/strong><\/p>\n<p>Amazon resmi web sayfas\u0131nda sat\u0131c\u0131lar\u0131 bilgilendirici ve e\u011fitici i\u00e7erikleri bulundurur ve s\u00fcrekli<br \/>\ng\u00fcnceller fakat size, Amazon ile sat\u0131\u015fa ba\u015flad\u0131\u011f\u0131n\u0131z bu uzun yolculukta kar\u015f\u0131la\u015faca\u011f\u0131n\u0131z durumlar\u0131<br \/>\nve bunlar\u0131 nas\u0131l a\u015faca\u011f\u0131n\u0131z\u0131 anlatamaz. Amazon ile e-ihracat yapmak isteyen firmalar Amazon taraf\u0131ndan yetkilendirilmi\u015f bir firma ile \u00e7al\u0131\u015farak:<\/p>\n<ul>\n<li>No-name ki\u015filer taraf\u0131ndan yaz\u0131lan\/anlat\u0131lan bilgi kirlili\u011finden kurtulursunuz<\/li>\n<li>\u015eehir efsaneleri ile veya hurafeler ile de\u011fil ger\u00e7ek bilgi ve analizlerle do\u011fru ve sa\u011fl\u0131kl\u0131 \u015fekilde ilerlersiniz.<\/li>\n<li>Markan\u0131z\u0131, Amazon platformunda koruma alt\u0131na al\u0131rs\u0131n\u0131z<\/li>\n<\/ul>\n<\/div><\/div><\/div><\/div><div class=\"wpb_column vc_column_container\"><div class=\"vc_column-inner\"><div class=\"w-image us_custom_e376bf16 us_animate_this has_ratio align_none\"><div class=\"w-image-h\"><div style=\"padding-bottom:75%\"><\/div><img decoding=\"async\" width=\"990\" height=\"555\" src=\"https:\/\/e-comgroup.com\/tr\/wp-content\/uploads\/2025\/04\/amazon-spn.webp\" class=\"attachment-full size-full\" alt=\"\" loading=\"lazy\" \/><\/div><\/div><\/div><\/div><\/div><\/div><\/div><\/div><\/div><\/section><section class=\"l-section wpb_row height_large color_primary with_img with_shape\"><div class=\"l-section-img\" role=\"img\" data-img-width=\"1920\" data-img-height=\"746\" style=\"background-image: url(https:\/\/e-comgroup.com\/tr\/wp-content\/uploads\/2025\/03\/footerbg.png);\"><\/div><div class=\"l-section-overlay\" style=\"background:rgba(5,106,135,0.8)\"><\/div><div class=\"l-section-shape type_tilt pos_bottom\" style=\"height:15vmin;\"><svg xmlns=\"http:\/\/www.w3.org\/2000\/svg\" viewBox=\"0 0 64 8\" preserveAspectRatio=\"none\" width=\"100%\" height=\"100%\">\r\n\t<path fill=\"currentColor\" d=\"M64 7.9 L64 10 L0 10 L0 0 Z\"\/>\r\n<\/svg><\/div><div class=\"l-section-h i-cf\"><div class=\"g-cols vc_row via_grid cols_1 laptops-cols_inherit tablets-cols_inherit mobiles-cols_1 valign_top type_default stacking_default\"><div class=\"wpb_column vc_column_container\"><div class=\"vc_column-inner\"><div class=\"wpb_text_column us_custom_1e0e9307\"><div class=\"wpb_wrapper\"><h2 style=\"text-align: center;\">Dan\u0131\u015fmanl\u0131k Hizmeti Al\u0131n<\/h2>\n<p style=\"text-align: center;\">Amazonda g\u00fc\u00e7l\u00fc bir pazar edinme ve marka bilinirli\u011fini art\u0131rmak i\u00e7in m\u00fc\u015fterilerimizin kurumsal fonksiyonlar\u0131n\u0131 yenileme,<br \/>\nyeniden tasarlama ve yap\u0131land\u0131rmas\u0131na yard\u0131mc\u0131 oluyoruz.<\/p>\n<\/div><\/div><div class=\"w-separator size_small\"><\/div><div class=\"w-btn-wrapper align_center\"><a class=\"w-btn us-btn-style_9\" href=\"https:\/\/e-comgroup.com\/iletisim\/\"><span class=\"w-btn-label\">\u0130leti\u015fime Ge\u00e7in<\/span><\/a><\/div><div class=\"w-separator size_custom\" style=\"height:10vh\"><\/div><\/div><\/div><\/div><\/div><\/section><section class=\"l-section wpb_row height_medium width_custom\" style=\"--site-content-width:1400px;\"><div class=\"l-section-h i-cf\"><div class=\"g-cols vc_row via_grid cols_1 laptops-cols_inherit tablets-cols_inherit mobiles-cols_1 valign_top type_default stacking_default\"><div class=\"wpb_column vc_column_container\"><div class=\"vc_column-inner\"><h3 class=\"w-text us_custom_5482895a has_text_color us_animate_this\"><span class=\"w-text-h\"><span class=\"w-text-value\">Her Ad\u0131mda Yan\u0131n\u0131zday\u0131z!<\/span><\/span><\/h3><div class=\"w-separator size_custom\" style=\"height:10px\"><\/div><div class=\"wpb_text_column us_custom_a5c88937\"><div class=\"wpb_wrapper\"><p>Siz ne kadar haz\u0131rl\u0131k yaparsan\u0131z, Amazon ile ba\u015far\u0131 hikayesine bir ad\u0131m daha yakla\u015f\u0131rs\u0131n\u0131z!<\/p>\n<\/div><\/div><div class=\"w-separator size_custom\" style=\"height:9vh\"><\/div><div class=\"g-cols wpb_row via_grid cols_2 laptops-cols_inherit tablets-cols_inherit mobiles-cols_1 valign_top type_default stacking_default\" style=\"--columns-gap:7rem;\"><div class=\"wpb_column vc_column_container\"><div class=\"vc_column-inner\"><div class=\"w-iconbox iconpos_left style_circle color_primary align_left\"><div class=\"w-iconbox-icon\" style=\"font-size:2rem;\"><i class=\"far fa-money-check\"><\/i><\/div><div class=\"w-iconbox-meta\"><h5 class=\"w-iconbox-title\">Hesap Y\u00f6netimi<\/h5><div class=\"w-iconbox-text\"><p>Amazon sat\u0131c\u0131 hesab\u0131n\u0131z\u0131n a\u00e7\u0131l\u0131\u015f\u0131ndan g\u00fcnl\u00fck operasyonlar\u0131na kadar t\u00fcm s\u00fcre\u00e7leri sizin ad\u0131n\u0131za y\u00f6netiyor, sat\u0131\u015flar\u0131n\u0131z\u0131 sorunsuzca s\u00fcrd\u00fcr\u00fcyoruz.<\/p>\n<\/div><\/div><\/div><\/div><\/div><div class=\"wpb_column vc_column_container\"><div class=\"vc_column-inner\"><div class=\"w-iconbox iconpos_left style_circle color_primary align_left\"><div class=\"w-iconbox-icon\" style=\"font-size:2rem;\"><i class=\"far fa-send-back\"><\/i><\/div><div class=\"w-iconbox-meta\"><h4 class=\"w-iconbox-title\">Marka Y\u00f6netimi<\/h4><div class=\"w-iconbox-text\"><p>Markan\u0131z\u0131n Amazon\u2019da do\u011fru konumlanmas\u0131 i\u00e7in marka tescili, i\u00e7erik optimizasyonu gibi s\u00fcre\u00e7leri profesyonelce y\u00fcr\u00fct\u00fcyoruz.<\/p>\n<\/div><\/div><\/div><\/div><\/div><\/div><div class=\"w-separator size_large\"><\/div><div class=\"g-cols wpb_row via_grid cols_2 laptops-cols_inherit tablets-cols_inherit mobiles-cols_1 valign_top type_default stacking_default\" style=\"--columns-gap:7rem;\"><div class=\"wpb_column vc_column_container\"><div class=\"vc_column-inner\"><div class=\"w-iconbox iconpos_left style_circle color_primary align_left\"><div class=\"w-iconbox-icon\" style=\"font-size:2rem;\"><i class=\"far fa-chart-bar\"><\/i><\/div><div class=\"w-iconbox-meta\"><h5 class=\"w-iconbox-title\">Reklam Y\u00f6netimi ve Optimizasyonu<\/h5><div class=\"w-iconbox-text\"><p>Amazon Ads kampanyalar\u0131n\u0131z\u0131 kuruyor, takip ediyor ve b\u00fct\u00e7enizi en verimli \u015fekilde kullanman\u0131z i\u00e7in s\u00fcrekli optimize ediyoruz.<\/p>\n<\/div><\/div><\/div><\/div><\/div><div class=\"wpb_column vc_column_container\"><div class=\"vc_column-inner\"><div class=\"w-iconbox iconpos_left style_circle color_primary align_left\"><div class=\"w-iconbox-icon\" style=\"font-size:2rem;\"><i class=\"far fa-file-invoice-dollar\"><\/i><\/div><div class=\"w-iconbox-meta\"><h4 class=\"w-iconbox-title\">Vergi\u2013Muhasebe Y\u00f6netimi<\/h4><div class=\"w-iconbox-text\"><p>Amazon sat\u0131\u015flar\u0131n\u0131za uygun \u015fekilde faturaland\u0131rma, KDV s\u00fcre\u00e7leri ve yasal muhasebe y\u00fck\u00fcml\u00fcl\u00fckleri konusunda tam destek sa\u011fl\u0131yoruz.<\/p>\n<\/div><\/div><\/div><\/div><\/div><\/div><div class=\"w-separator size_custom\" style=\"height:10vh\"><\/div><\/div><\/div><\/div><\/div><\/section>\n","protected":false},"excerpt":{"rendered":"Amazon SPN (Service Provider Network), Amazon&#8217;un resmi olarak yetki verdi\u011fi partnerleri ifade etmektedir. E-com Group Dan\u0131\u015fmanl\u0131k firmas\u0131 olarak, T\u00fcrkiye&#8217;nin ilk Amazon SPN&#8217;i yani Amazon taraf\u0131ndan yetkilendirilmi\u015f firmas\u0131 olmaktan gurur duyar\u0131z. AMAZON SPN NEDEN \u00d6NEML\u0130D\u0130R?Amazon taraf\u0131ndan yetkilendirilen firmadan Amazon Dan\u0131\u015fmanl\u0131\u011f\u0131 almak, cevaplar\u0131n\u0131 bildi\u011finiz s\u0131nava girmeye benzer. T\u00fcrkiye&#8217;nin ilk resmi Amazon Dan\u0131\u015fman\u0131 Firmas\u0131 olarak bu s\u0131navda sizin...","protected":false},"author":1,"featured_media":0,"parent":0,"menu_order":0,"comment_status":"closed","ping_status":"closed","template":"","meta":{"_acf_changed":false,"footnotes":""},"class_list":["post-2057","page","type-page","status-publish","hentry"],"acf":[],"yoast_head":"<!-- This site is optimized with the Yoast SEO Premium plugin v26.6 (Yoast SEO v26.6) - https:\/\/yoast.com\/wordpress\/plugins\/seo\/ -->\n<title>Amazon SPN | E-Com Group | Amazon Dan\u0131\u015fmanl\u0131k - SPN - Amazon Dan\u0131\u015fmanl\u0131\u011f\u0131<\/title>\n<meta name=\"robots\" content=\"index, follow, max-snippet:-1, max-image-preview:large, max-video-preview:-1\" \/>\n<link rel=\"canonical\" href=\"https:\/\/e-comgroup.com\/tr\/amazon-spn\/\" \/>\n<meta property=\"og:locale\" content=\"tr_TR\" \/>\n<meta property=\"og:type\" content=\"article\" \/>\n<meta property=\"og:title\" content=\"Amazon SPN\" \/>\n<meta property=\"og:url\" content=\"https:\/\/e-comgroup.com\/tr\/amazon-spn\/\" \/>\n<meta property=\"og:site_name\" content=\"E-Com Group | Amazon Dan\u0131\u015fmanl\u0131k - SPN - Amazon Dan\u0131\u015fmanl\u0131\u011f\u0131\" \/>\n<meta property=\"article:modified_time\" content=\"2025-06-12T11:26:14+00:00\" \/>\n<meta name=\"twitter:card\" content=\"summary_large_image\" \/>\n<meta name=\"twitter:label1\" content=\"Tahmini okuma s\u00fcresi\" \/>\n\t<meta name=\"twitter:data1\" content=\"5 dakika\" \/>\n<script type=\"application\/ld+json\" class=\"yoast-schema-graph\">{\"@context\":\"https:\/\/schema.org\",\"@graph\":[{\"@type\":\"WebPage\",\"@id\":\"https:\/\/e-comgroup.com\/tr\/amazon-spn\/\",\"url\":\"https:\/\/e-comgroup.com\/tr\/amazon-spn\/\",\"name\":\"Amazon SPN | E-Com Group | Amazon Dan\u0131\u015fmanl\u0131k - SPN - Amazon Dan\u0131\u015fmanl\u0131\u011f\u0131\",\"isPartOf\":{\"@id\":\"https:\/\/e-comgroup.com\/tr\/#website\"},\"datePublished\":\"2025-03-27T06:55:40+00:00\",\"dateModified\":\"2025-06-12T11:26:14+00:00\",\"breadcrumb\":{\"@id\":\"https:\/\/e-comgroup.com\/tr\/amazon-spn\/#breadcrumb\"},\"inLanguage\":\"tr\",\"potentialAction\":[{\"@type\":\"ReadAction\",\"target\":[\"https:\/\/e-comgroup.com\/tr\/amazon-spn\/\"]}]},{\"@type\":\"BreadcrumbList\",\"@id\":\"https:\/\/e-comgroup.com\/tr\/amazon-spn\/#breadcrumb\",\"itemListElement\":[{\"@type\":\"ListItem\",\"position\":1,\"name\":\"Anasayfa\",\"item\":\"https:\/\/e-comgroup.com\/tr\/\"},{\"@type\":\"ListItem\",\"position\":2,\"name\":\"Amazon SPN\"}]},{\"@type\":\"WebSite\",\"@id\":\"https:\/\/e-comgroup.com\/tr\/#website\",\"url\":\"https:\/\/e-comgroup.com\/tr\/\",\"name\":\"E-Com Group | Amazon Dan\u0131\u015fmanl\u0131k - SPN - Amazon Dan\u0131\u015fmanl\u0131\u011f\u0131\",\"description\":\"\",\"potentialAction\":[{\"@type\":\"SearchAction\",\"target\":{\"@type\":\"EntryPoint\",\"urlTemplate\":\"https:\/\/e-comgroup.com\/tr\/?s={search_term_string}\"},\"query-input\":{\"@type\":\"PropertyValueSpecification\",\"valueRequired\":true,\"valueName\":\"search_term_string\"}}],\"inLanguage\":\"tr\"}]}<\/script>\n<!-- \/ Yoast SEO Premium plugin. -->","yoast_head_json":{"title":"Amazon SPN | E-Com Group | Amazon Dan\u0131\u015fmanl\u0131k - SPN - Amazon Dan\u0131\u015fmanl\u0131\u011f\u0131","robots":{"index":"index","follow":"follow","max-snippet":"max-snippet:-1","max-image-preview":"max-image-preview:large","max-video-preview":"max-video-preview:-1"},"canonical":"https:\/\/e-comgroup.com\/tr\/amazon-spn\/","og_locale":"tr_TR","og_type":"article","og_title":"Amazon SPN","og_url":"https:\/\/e-comgroup.com\/tr\/amazon-spn\/","og_site_name":"E-Com Group | Amazon Dan\u0131\u015fmanl\u0131k - SPN - Amazon Dan\u0131\u015fmanl\u0131\u011f\u0131","article_modified_time":"2025-06-12T11:26:14+00:00","twitter_card":"summary_large_image","twitter_misc":{"Tahmini okuma s\u00fcresi":"5 dakika"},"schema":{"@context":"https:\/\/schema.org","@graph":[{"@type":"WebPage","@id":"https:\/\/e-comgroup.com\/tr\/amazon-spn\/","url":"https:\/\/e-comgroup.com\/tr\/amazon-spn\/","name":"Amazon SPN | E-Com Group | Amazon Dan\u0131\u015fmanl\u0131k - SPN - Amazon Dan\u0131\u015fmanl\u0131\u011f\u0131","isPartOf":{"@id":"https:\/\/e-comgroup.com\/tr\/#website"},"datePublished":"2025-03-27T06:55:40+00:00","dateModified":"2025-06-12T11:26:14+00:00","breadcrumb":{"@id":"https:\/\/e-comgroup.com\/tr\/amazon-spn\/#breadcrumb"},"inLanguage":"tr","potentialAction":[{"@type":"ReadAction","target":["https:\/\/e-comgroup.com\/tr\/amazon-spn\/"]}]},{"@type":"BreadcrumbList","@id":"https:\/\/e-comgroup.com\/tr\/amazon-spn\/#breadcrumb","itemListElement":[{"@type":"ListItem","position":1,"name":"Anasayfa","item":"https:\/\/e-comgroup.com\/tr\/"},{"@type":"ListItem","position":2,"name":"Amazon SPN"}]},{"@type":"WebSite","@id":"https:\/\/e-comgroup.com\/tr\/#website","url":"https:\/\/e-comgroup.com\/tr\/","name":"E-Com Group | Amazon Dan\u0131\u015fmanl\u0131k - SPN - Amazon Dan\u0131\u015fmanl\u0131\u011f\u0131","description":"","potentialAction":[{"@type":"SearchAction","target":{"@type":"EntryPoint","urlTemplate":"https:\/\/e-comgroup.com\/tr\/?s={search_term_string}"},"query-input":{"@type":"PropertyValueSpecification","valueRequired":true,"valueName":"search_term_string"}}],"inLanguage":"tr"}]}},"_links":{"self":[{"href":"https:\/\/e-comgroup.com\/tr\/wp-json\/wp\/v2\/pages\/2057","targetHints":{"allow":["GET"]}}],"collection":[{"href":"https:\/\/e-comgroup.com\/tr\/wp-json\/wp\/v2\/pages"}],"about":[{"href":"https:\/\/e-comgroup.com\/tr\/wp-json\/wp\/v2\/types\/page"}],"author":[{"embeddable":true,"href":"https:\/\/e-comgroup.com\/tr\/wp-json\/wp\/v2\/users\/1"}],"replies":[{"embeddable":true,"href":"https:\/\/e-comgroup.com\/tr\/wp-json\/wp\/v2\/comments?post=2057"}],"version-history":[{"count":38,"href":"https:\/\/e-comgroup.com\/tr\/wp-json\/wp\/v2\/pages\/2057\/revisions"}],"predecessor-version":[{"id":2968,"href":"https:\/\/e-comgroup.com\/tr\/wp-json\/wp\/v2\/pages\/2057\/revisions\/2968"}],"wp:attachment":[{"href":"https:\/\/e-comgroup.com\/tr\/wp-json\/wp\/v2\/media?parent=2057"}],"curies":[{"name":"wp","href":"https:\/\/api.w.org\/{rel}","templated":true}]}}