{"id":1400,"date":"2025-03-12T14:57:33","date_gmt":"2025-03-12T11:57:33","guid":{"rendered":"https:\/\/e-comgroup.com\/?page_id=1400"},"modified":"2025-06-10T16:38:10","modified_gmt":"2025-06-10T13:38:10","slug":"kume-danismanligi","status":"publish","type":"page","link":"https:\/\/e-comgroup.com\/tr\/kume-danismanligi\/","title":{"rendered":"K\u00fcme Dan\u0131\u015fmanl\u0131\u011f\u0131"},"content":{"rendered":"<section class=\"l-section wpb_row height_large width_full\"><div class=\"l-section-h i-cf\"><div class=\"g-cols vc_row via_grid cols_custom laptops-cols_inherit tablets-cols_1 mobiles-cols_1 valign_middle type_default stacking_default\" style=\"--columns-gap:5.3vw;--custom-columns:1.5fr 1.5fr 3fr \"><div class=\"wpb_column vc_column_container\"><div class=\"vc_column-inner\"><div class=\"w-image us_custom_a827853c us_animate_this hide_on_mobiles style_shadow-1 has_ratio align_none\"><div class=\"w-image-h\"><div style=\"padding-bottom:150%\"><\/div><img decoding=\"async\" width=\"990\" height=\"660\" src=\"https:\/\/e-comgroup.com\/tr\/wp-content\/uploads\/2025\/04\/anasayfa-gorsel-1.webp\" class=\"attachment-full size-full\" alt=\"\" loading=\"lazy\" \/><\/div><\/div><\/div><\/div><div class=\"wpb_column vc_column_container\"><div class=\"vc_column-inner\"><div class=\"w-image us_custom_3528644a us_animate_this hide_on_mobiles style_shadow-1 has_ratio align_none\"><div class=\"w-image-h\"><div style=\"padding-bottom:150%\"><\/div><img decoding=\"async\" width=\"1607\" height=\"1100\" src=\"https:\/\/e-comgroup.com\/tr\/wp-content\/uploads\/2025\/04\/kume-danismanligi-1.webp\" class=\"attachment-full size-full\" alt=\"\" loading=\"lazy\" \/><\/div><\/div><\/div><\/div><div class=\"wpb_column vc_column_container us_custom_dddb8ab3 us_animate_this\"><div class=\"vc_column-inner\"><div class=\"w-image us_custom_2807d759 us_animate_this hide_on_default hide_on_laptops hide_on_tablets style_shadow-1 has_ratio align_center\"><div class=\"w-image-h\"><div style=\"padding-bottom:42.8571%\"><\/div><img decoding=\"async\" width=\"1649\" height=\"1100\" src=\"https:\/\/e-comgroup.com\/tr\/wp-content\/uploads\/2025\/04\/kume-danismanligi-2.webp\" class=\"attachment-full size-full\" alt=\"\" loading=\"lazy\" \/><\/div><\/div><div class=\"w-separator hide_on_default hide_on_laptops hide_on_tablets size_large\"><\/div><h2 class=\"w-text us_custom_cf7c41c2 has_text_color us_animate_this\"><span class=\"w-text-h\"><span class=\"w-text-value\">K\u00dcME DANI\u015eMANLI\u011eI NED\u0130R?<\/span><\/span><\/h2><div class=\"wpb_text_column\"><div class=\"wpb_wrapper\"><ul>\n<li>K\u00fcme dan\u0131\u015fmanl\u0131\u011f\u0131, belirli bir b\u00f6lgede veya sekt\u00f6rdeki i\u015fletmelerin i\u015fbirli\u011fi yaparak, bir arada \u00e7al\u0131\u015farak ve ortak kaynaklar\u0131 payla\u015farak rekabet avantaj\u0131 elde etmelerini sa\u011flayan bir dan\u0131\u015fmanl\u0131k hizmetidir.<\/li>\n<li>Verdi\u011fimiz hizmetler ve edindi\u011fimiz tecr\u00fcbe ve birikim sayesinde, altyap\u0131 ve strateji analizleri olu\u015fturarak KOB\u0130&#8217;ler i\u00e7in Stratejik Yol Haritalar\u0131 belirlemekteyiz.<\/li>\n<li>Bu sayede KOB\u0130\u2019ler; Amazon yolculuklar\u0131na maliyet avantaj\u0131yla ba\u015flarken, en verimli stratejik karar alma s\u00fcre\u00e7lerini y\u00f6netirler.<\/li>\n<li>K\u00fcme Dan\u0131\u015fmanl\u0131\u011f\u0131 uygulamal\u0131 e\u011fitim program\u0131 sekt\u00f6rdeki oyuncu say\u0131s\u0131n\u0131 art\u0131r\u0131rken yerel rekabeti de g\u00fc\u00e7lendirir ve e-ihracat sat\u0131\u015flar\u0131n\u0131 art\u0131rarak ekonomik kalk\u0131nmay\u0131 hedefler.<\/li>\n<li>Firmalar aras\u0131 koordinasyonu, \u00fcretkenli\u011fi ve verimlili\u011fi artt\u0131r\u0131r. Bu i\u015fbirli\u011fi ortak ba\u015far\u0131y\u0131 tetiklerken bilgi, insan ve sermaye g\u00fcc\u00fc ile yeniliklerin h\u0131zla yay\u0131lmas\u0131n\u0131 sa\u011flar.<\/li>\n<li>S\u00fcre\u00e7 Haritas\u0131 Amazon K\u00fcme Dan\u0131\u015fmanl\u0131\u011f\u0131 kapsam\u0131nda, firmalar\u0131n 6 haftal\u0131k bir s\u00fcre\u00e7 i\u00e7erisinde Amazon pazaryerine en do\u011fru \u015fekilde giri\u015f yapmalar\u0131 hedeflenmektedir. Bu s\u00fcre\u00e7te firmalar bir araya gelerek program planlamas\u0131 yap\u0131l\u0131r. Ard\u0131ndan ma\u011faza a\u00e7\u0131l\u0131\u015flar\u0131 ger\u00e7ekle\u015ftirilerek ilgili analizler tamamlan\u0131r ve grup e\u011fitimleri verilir. Son a\u015famada, kat\u0131l\u0131m sa\u011flayan firmalara Amazon ma\u011fazalar\u0131 teslim edilerek s\u00fcre\u00e7 tamamlanmaktad\u0131r.<\/li>\n<\/ul>\n<\/div><\/div><div class=\"w-separator hide_on_default hide_on_laptops hide_on_tablets size_large\"><\/div><\/div><\/div><\/div><\/div><\/section><section class=\"l-section wpb_row us_custom_77706dce has_text_color height_medium full_height valign_center width_custom color_primary with_img\" style=\"--site-content-width:1600px;\"><div class=\"l-section-img\" role=\"img\" data-img-width=\"1920\" data-img-height=\"699\" style=\"background-image: url(https:\/\/e-comgroup.com\/tr\/wp-content\/uploads\/2025\/03\/bg-sc.png);\"><\/div><div class=\"l-section-overlay\" style=\"background:rgba(0,9,22,0.9)\"><\/div><div class=\"l-section-h i-cf\"><div class=\"g-cols vc_row via_grid cols_1 laptops-cols_inherit tablets-cols_inherit mobiles-cols_1 valign_top type_default stacking_default\"><div class=\"wpb_column vc_column_container align_center\"><div class=\"vc_column-inner\"><div class=\"w-separator hide_on_default hide_on_laptops hide_on_tablets size_large\"><\/div><h3 class=\"w-text us_custom_9546d6fd has_text_color us_animate_this\"><span class=\"w-text-h\"><span class=\"w-text-value\">K\u00dcME DANI\u015eMANLI\u011eI KAPSAMI<\/span><\/span><\/h3><div class=\"w-separator size_huge\"><\/div><div class=\"w-separator size_small\"><\/div><div class=\"g-cols wpb_row via_grid cols_4 laptops-cols_inherit tablets-cols_inherit mobiles-cols_1 valign_top type_default stacking_default\" style=\"--columns-gap:4rem;\"><div class=\"wpb_column vc_column_container\"><div class=\"vc_column-inner\"><div class=\"w-iconbox us_custom_6aea74a3 us_animate_this iconpos_top style_default color_primary align_center\"><div class=\"w-iconbox-icon\" style=\"font-size:50px;\"><i class=\"far fa-analytics\"><\/i><\/div><div class=\"w-iconbox-meta\"><h5 class=\"w-iconbox-title\" style=\"font-size:22px;\">Kategori &amp; Rakip Analizi<\/h5><div class=\"w-iconbox-text\"><p>Pazar\u0131n\u0131z\u0131 analiz edin, rekabet avantaj\u0131 elde edin.<\/p>\n<\/div><\/div><\/div><\/div><\/div><div class=\"wpb_column vc_column_container\"><div class=\"vc_column-inner\"><div class=\"w-iconbox us_custom_f7e595d5 us_animate_this iconpos_top style_default color_primary align_center\"><div class=\"w-iconbox-icon\" style=\"font-size:50px;\"><i class=\"far fa-bags-shopping\"><\/i><\/div><div class=\"w-iconbox-meta\"><h5 class=\"w-iconbox-title\" style=\"font-size:22px;\">Ma\u011faza A\u00e7\u0131l\u0131\u015f\u0131<\/h5><div class=\"w-iconbox-text\"><p>Yeni ma\u011fazan\u0131z\u0131n a\u00e7\u0131l\u0131\u015f s\u00fcrecini profesyonelce y\u00f6netin.<\/p>\n<\/div><\/div><\/div><\/div><\/div><div class=\"wpb_column vc_column_container\"><div class=\"vc_column-inner\"><div class=\"w-iconbox us_custom_eaca26c6 us_animate_this iconpos_top style_default color_primary align_center\"><div class=\"w-iconbox-icon\" style=\"font-size:50px;\"><i class=\"far fa-window-restore\"><\/i><\/div><div class=\"w-iconbox-meta\"><h5 class=\"w-iconbox-title\" style=\"font-size:22px;\">Ma\u011faza Yap\u0131land\u0131rmas\u0131<\/h5><div class=\"w-iconbox-text\"><p>Ma\u011fazan\u0131z\u0131n i\u015fleyi\u015fini en verimli \u015fekilde yap\u0131land\u0131r\u0131n.<\/p>\n<\/div><\/div><\/div><\/div><\/div><div class=\"wpb_column vc_column_container\"><div class=\"vc_column-inner\"><div class=\"w-iconbox us_custom_eaca26c6 us_animate_this iconpos_top style_default color_primary align_center\"><div class=\"w-iconbox-icon\" style=\"font-size:50px;\"><i class=\"far fa-photo-video\"><\/i><\/div><div class=\"w-iconbox-meta\"><h5 class=\"w-iconbox-title\" style=\"font-size:22px;\">G\u00f6rsel ve Video \u00c7al\u0131\u015fmas\u0131<\/h5><div class=\"w-iconbox-text\"><p>Yarat\u0131c\u0131 video ve g\u00f6rsellerle dijital pazarda fark yarat\u0131n.<\/p>\n<\/div><\/div><\/div><\/div><\/div><\/div><div class=\"w-separator size_huge\"><\/div><div class=\"g-cols wpb_row via_grid cols_4 laptops-cols_inherit tablets-cols_inherit mobiles-cols_1 valign_top type_default stacking_default\" style=\"--columns-gap:4rem;\"><div class=\"wpb_column vc_column_container\"><div class=\"vc_column-inner\"><div class=\"w-iconbox us_custom_77c5c7b0 us_animate_this iconpos_top style_default color_primary align_center\"><div class=\"w-iconbox-icon\" style=\"font-size:50px;\"><i class=\"far fa-clipboard-list\"><\/i><\/div><div class=\"w-iconbox-meta\"><h5 class=\"w-iconbox-title\" style=\"font-size:22px;\">\u00dcr\u00fcn Listeleme<\/h5><div class=\"w-iconbox-text\"><p>\u00dcr\u00fcnlerinizi etkili bir \u015fekilde listeleyerek sat\u0131\u015flar\u0131 art\u0131r\u0131n.<\/p>\n<\/div><\/div><\/div><\/div><\/div><div class=\"wpb_column vc_column_container\"><div class=\"vc_column-inner\"><div class=\"w-iconbox us_custom_0f27de63 us_animate_this iconpos_top style_default color_primary align_center\"><div class=\"w-iconbox-icon\" style=\"font-size:50px;\"><i class=\"far fa-clipboard-list-check\"><\/i><\/div><div class=\"w-iconbox-meta\"><h5 class=\"w-iconbox-title\" style=\"font-size:22px;\">\u00dcr\u00fcn Liste Optimizasyonu<\/h5><div class=\"w-iconbox-text\"><p>\u00dcr\u00fcn listelerinizi optimize ederek daha fazla g\u00f6r\u00fcn\u00fcrl\u00fck kazan\u0131n.<\/p>\n<\/div><\/div><\/div><\/div><\/div><div class=\"wpb_column vc_column_container\"><div class=\"vc_column-inner\"><div class=\"w-iconbox us_custom_12086d70 us_animate_this iconpos_top style_default color_primary align_center\"><div class=\"w-iconbox-icon\" style=\"font-size:50px;\"><i class=\"far fa-chart-pie-alt\"><\/i><\/div><div class=\"w-iconbox-meta\"><h5 class=\"w-iconbox-title\" style=\"font-size:22px;\">Marketing \u00c7al\u0131\u015fmas\u0131<\/h5><div class=\"w-iconbox-text\"><p>Hedef kitlenize ula\u015fmak i\u00e7in etkili pazarlama stratejileri geli\u015ftirin.<\/p>\n<\/div><\/div><\/div><\/div><\/div><div class=\"wpb_column vc_column_container\"><div class=\"vc_column-inner\"><div class=\"w-iconbox us_custom_92283f15 us_animate_this iconpos_top style_default color_primary align_center\"><div class=\"w-iconbox-icon\" style=\"font-size:50px;\"><i class=\"far fa-chart-line\"><\/i><\/div><div class=\"w-iconbox-meta\"><h5 class=\"w-iconbox-title\" style=\"font-size:22px;\">Reklam Stratejisi Belirleme<\/h5><div class=\"w-iconbox-text\"><p>Hedef kitlenize uygun stratejik reklam planlar\u0131yla g\u00f6r\u00fcn\u00fcrl\u00fc\u011f\u00fcn\u00fcz\u00fc art\u0131r\u0131n.<\/p>\n<\/div><\/div><\/div><\/div><\/div><\/div><div class=\"w-separator size_small\"><\/div><\/div><\/div><\/div><\/div><\/section><section class=\"l-section wpb_row height_large width_custom\" style=\"--site-content-width:1600px;\"><div class=\"l-section-h i-cf\"><div class=\"g-cols vc_row via_grid cols_1 laptops-cols_inherit tablets-cols_inherit mobiles-cols_1 valign_top type_default stacking_default\"><div class=\"wpb_column vc_column_container\"><div class=\"vc_column-inner\"><div class=\"g-cols wpb_row via_grid cols_1 laptops-cols_inherit tablets-cols_inherit mobiles-cols_1 valign_top type_default stacking_default\" style=\"--columns-gap:3rem;\"><div class=\"wpb_column vc_column_container\"><div class=\"vc_column-inner\"><h3 class=\"w-text us_custom_c4a286e1 has_text_color us_animate_this\"><span class=\"w-text-h\"><span class=\"w-text-value\">S\u00dcRE\u00c7 Y\u00d6NET\u0130M\u0130<\/span><\/span><\/h3><\/div><\/div><\/div><div class=\"w-separator size_small\"><\/div><div class=\"wpb_text_column us_custom_b16cd3ef has_text_color us_animate_this\"><div class=\"wpb_wrapper\"><p>Amazon K\u00fcme Dan\u0131\u015fmanl\u0131\u011f\u0131 kapsam\u0131nda, hedef firmalar\u0131n 6 haftal\u0131k bir s\u00fcre\u00e7 i\u00e7erisinde Amazon pazaryerine en do\u011fru \u015fekilde giri\u015f yapmalar\u0131 hedeflenmektedir. Bu s\u00fcre\u00e7te firmalar bir araya gelerek program planlamas\u0131 yap\u0131l\u0131yor. Ard\u0131ndan ma\u011faza a\u00e7\u0131l\u0131\u015flar\u0131 ger\u00e7ekle\u015ftirilerek ilgili analizler tamamlan\u0131r ve grup e\u011fitimleri verilir. Son a\u015famada, kat\u0131l\u0131m sa\u011flayan firmalara Amazon ma\u011fazalar\u0131 teslim edilerek s\u00fcre\u00e7 tamamlanmaktad\u0131r.<\/p>\n<\/div><\/div><div class=\"w-separator size_medium\"><\/div><div class=\"g-cols wpb_row via_grid cols_3 laptops-cols_inherit tablets-cols_inherit mobiles-cols_1 valign_top type_default stacking_default\" style=\"--columns-gap:2rem;\"><div class=\"wpb_column vc_column_container\"><div class=\"vc_column-inner\"><div class=\"w-ibanner us_custom_20a73696 has_text_color us_animate_this animation_aphelia ratio_3x2 easing_ease\"><div class=\"w-ibanner-h\"><div class=\"w-ibanner-image\" style=\"background-image: url(https:\/\/e-comgroup.com\/tr\/wp-content\/uploads\/2025\/04\/grup-olusturma.webp)\"><\/div><div class=\"w-ibanner-content\"><div class=\"w-ibanner-content-h\"><h5 class=\"w-ibanner-title\">Grup Olu\u015fturma<\/h5><div class=\"w-ibanner-desc\"><p>1. Hafta<\/p>\n<\/div><\/div><\/div><\/div><\/div><\/div><\/div><div class=\"wpb_column vc_column_container\"><div class=\"vc_column-inner\"><div class=\"w-ibanner us_custom_7c22f928 has_text_color us_animate_this animation_aphelia ratio_3x2 easing_ease\"><div class=\"w-ibanner-h\"><div class=\"w-ibanner-image\" style=\"background-image: url(https:\/\/e-comgroup.com\/tr\/wp-content\/uploads\/2025\/04\/program-plani.webp)\"><\/div><div class=\"w-ibanner-content\"><div class=\"w-ibanner-content-h\"><h5 class=\"w-ibanner-title\">Program Plan\u0131<\/h5><div class=\"w-ibanner-desc\"><p>2. Hafta<\/p>\n<\/div><\/div><\/div><\/div><\/div><\/div><\/div><div class=\"wpb_column vc_column_container\"><div class=\"vc_column-inner\"><div class=\"w-ibanner us_custom_44e3e032 has_text_color us_animate_this animation_aphelia ratio_3x2 easing_ease\"><div class=\"w-ibanner-h\"><div class=\"w-ibanner-image\" style=\"background-image: url(https:\/\/e-comgroup.com\/tr\/wp-content\/uploads\/2025\/04\/magaza-acilislari-e1744372563615.webp)\"><\/div><div class=\"w-ibanner-content\"><div class=\"w-ibanner-content-h\"><h5 class=\"w-ibanner-title\">Ma\u011faza A\u00e7\u0131l\u0131\u015flar\u0131<\/h5><div class=\"w-ibanner-desc\"><p>3. Hafta<\/p>\n<\/div><\/div><\/div><\/div><\/div><\/div><\/div><\/div><div class=\"w-separator size_small\"><\/div><div class=\"g-cols wpb_row via_grid cols_3 laptops-cols_inherit tablets-cols_inherit mobiles-cols_1 valign_top type_default stacking_default\" style=\"--columns-gap:2rem;\"><div class=\"wpb_column vc_column_container\"><div class=\"vc_column-inner\"><div class=\"w-ibanner us_custom_9a8dde15 has_text_color us_animate_this animation_aphelia ratio_3x2 easing_ease\"><div class=\"w-ibanner-h\"><div class=\"w-ibanner-image\" style=\"background-image: url(https:\/\/e-comgroup.com\/tr\/wp-content\/uploads\/2025\/04\/analizler.webp)\"><\/div><div class=\"w-ibanner-content\"><div class=\"w-ibanner-content-h\"><h5 class=\"w-ibanner-title\">Analizler<\/h5><div class=\"w-ibanner-desc\"><p>4. Hafta<\/p>\n<\/div><\/div><\/div><\/div><\/div><\/div><\/div><div class=\"wpb_column vc_column_container\"><div class=\"vc_column-inner\"><div class=\"w-ibanner us_custom_a24cc70f has_text_color us_animate_this animation_aphelia ratio_3x2 easing_ease\"><div class=\"w-ibanner-h\"><div class=\"w-ibanner-image\" style=\"background-image: url(https:\/\/e-comgroup.com\/tr\/wp-content\/uploads\/2025\/04\/grup-egitimleri.webp)\"><\/div><div class=\"w-ibanner-content\"><div class=\"w-ibanner-content-h\"><h5 class=\"w-ibanner-title\">Grup E\u011fitimleri<\/h5><div class=\"w-ibanner-desc\"><p>5. Hafta<\/p>\n<\/div><\/div><\/div><\/div><\/div><\/div><\/div><div class=\"wpb_column vc_column_container\"><div class=\"vc_column-inner\"><div class=\"w-ibanner us_custom_fec908b1 has_text_color us_animate_this animation_aphelia ratio_3x2 easing_ease\"><div class=\"w-ibanner-h\"><div class=\"w-ibanner-image\" style=\"background-image: url(https:\/\/e-comgroup.com\/tr\/wp-content\/uploads\/2025\/04\/magaza-teslimi.webp)\"><\/div><div class=\"w-ibanner-content\"><div class=\"w-ibanner-content-h\"><h5 class=\"w-ibanner-title\">Ma\u011faza Teslimi<\/h5><div class=\"w-ibanner-desc\"><p>6. Hafta<\/p>\n<\/div><\/div><\/div><\/div><\/div><\/div><\/div><\/div><div class=\"w-separator hide_on_default hide_on_laptops size_medium\"><\/div><\/div><\/div><\/div><\/div><\/section>\n","protected":false},"excerpt":{"rendered":"K\u00dcME DANI\u015eMANLI\u011eI NED\u0130R? K\u00fcme dan\u0131\u015fmanl\u0131\u011f\u0131, belirli bir b\u00f6lgede veya sekt\u00f6rdeki i\u015fletmelerin i\u015fbirli\u011fi yaparak, bir arada \u00e7al\u0131\u015farak ve ortak kaynaklar\u0131 payla\u015farak rekabet avantaj\u0131 elde etmelerini sa\u011flayan bir dan\u0131\u015fmanl\u0131k hizmetidir. Verdi\u011fimiz hizmetler ve edindi\u011fimiz tecr\u00fcbe ve birikim sayesinde, altyap\u0131 ve strateji analizleri olu\u015fturarak KOB\u0130&#8217;ler i\u00e7in Stratejik Yol Haritalar\u0131 belirlemekteyiz. Bu sayede KOB\u0130\u2019ler; Amazon yolculuklar\u0131na maliyet avantaj\u0131yla ba\u015flarken,...","protected":false},"author":1,"featured_media":0,"parent":0,"menu_order":0,"comment_status":"closed","ping_status":"closed","template":"","meta":{"_acf_changed":false,"footnotes":""},"class_list":["post-1400","page","type-page","status-publish","hentry"],"acf":[],"yoast_head":"<!-- This site is optimized with the Yoast SEO Premium plugin v26.6 (Yoast SEO v26.6) - https:\/\/yoast.com\/wordpress\/plugins\/seo\/ -->\n<title>K\u00fcme Dan\u0131\u015fmanl\u0131\u011f\u0131 | E-Com Group | Amazon Dan\u0131\u015fmanl\u0131k - SPN - Amazon Dan\u0131\u015fmanl\u0131\u011f\u0131<\/title>\n<meta name=\"robots\" content=\"index, follow, max-snippet:-1, max-image-preview:large, max-video-preview:-1\" \/>\n<link rel=\"canonical\" href=\"https:\/\/e-comgroup.com\/tr\/kume-danismanligi\/\" \/>\n<meta property=\"og:locale\" content=\"tr_TR\" \/>\n<meta property=\"og:type\" content=\"article\" \/>\n<meta property=\"og:title\" content=\"K\u00fcme Dan\u0131\u015fmanl\u0131\u011f\u0131\" \/>\n<meta property=\"og:url\" content=\"https:\/\/e-comgroup.com\/tr\/kume-danismanligi\/\" \/>\n<meta property=\"og:site_name\" content=\"E-Com Group | Amazon Dan\u0131\u015fmanl\u0131k - SPN - Amazon Dan\u0131\u015fmanl\u0131\u011f\u0131\" \/>\n<meta property=\"article:modified_time\" content=\"2025-06-10T13:38:10+00:00\" \/>\n<meta name=\"twitter:card\" content=\"summary_large_image\" \/>\n<meta name=\"twitter:label1\" content=\"Tahmini okuma s\u00fcresi\" \/>\n\t<meta name=\"twitter:data1\" content=\"11 dakika\" \/>\n<script type=\"application\/ld+json\" class=\"yoast-schema-graph\">{\"@context\":\"https:\/\/schema.org\",\"@graph\":[{\"@type\":\"WebPage\",\"@id\":\"https:\/\/e-comgroup.com\/tr\/kume-danismanligi\/\",\"url\":\"https:\/\/e-comgroup.com\/tr\/kume-danismanligi\/\",\"name\":\"K\u00fcme Dan\u0131\u015fmanl\u0131\u011f\u0131 | E-Com Group | Amazon Dan\u0131\u015fmanl\u0131k - SPN - Amazon Dan\u0131\u015fmanl\u0131\u011f\u0131\",\"isPartOf\":{\"@id\":\"https:\/\/e-comgroup.com\/tr\/#website\"},\"datePublished\":\"2025-03-12T11:57:33+00:00\",\"dateModified\":\"2025-06-10T13:38:10+00:00\",\"breadcrumb\":{\"@id\":\"https:\/\/e-comgroup.com\/tr\/kume-danismanligi\/#breadcrumb\"},\"inLanguage\":\"tr\",\"potentialAction\":[{\"@type\":\"ReadAction\",\"target\":[\"https:\/\/e-comgroup.com\/tr\/kume-danismanligi\/\"]}]},{\"@type\":\"BreadcrumbList\",\"@id\":\"https:\/\/e-comgroup.com\/tr\/kume-danismanligi\/#breadcrumb\",\"itemListElement\":[{\"@type\":\"ListItem\",\"position\":1,\"name\":\"Anasayfa\",\"item\":\"https:\/\/e-comgroup.com\/tr\/\"},{\"@type\":\"ListItem\",\"position\":2,\"name\":\"K\u00fcme Dan\u0131\u015fmanl\u0131\u011f\u0131\"}]},{\"@type\":\"WebSite\",\"@id\":\"https:\/\/e-comgroup.com\/tr\/#website\",\"url\":\"https:\/\/e-comgroup.com\/tr\/\",\"name\":\"E-Com Group | Amazon Dan\u0131\u015fmanl\u0131k - SPN - Amazon Dan\u0131\u015fmanl\u0131\u011f\u0131\",\"description\":\"\",\"potentialAction\":[{\"@type\":\"SearchAction\",\"target\":{\"@type\":\"EntryPoint\",\"urlTemplate\":\"https:\/\/e-comgroup.com\/tr\/?s={search_term_string}\"},\"query-input\":{\"@type\":\"PropertyValueSpecification\",\"valueRequired\":true,\"valueName\":\"search_term_string\"}}],\"inLanguage\":\"tr\"}]}<\/script>\n<!-- \/ Yoast SEO Premium plugin. -->","yoast_head_json":{"title":"K\u00fcme Dan\u0131\u015fmanl\u0131\u011f\u0131 | E-Com Group | Amazon Dan\u0131\u015fmanl\u0131k - SPN - Amazon Dan\u0131\u015fmanl\u0131\u011f\u0131","robots":{"index":"index","follow":"follow","max-snippet":"max-snippet:-1","max-image-preview":"max-image-preview:large","max-video-preview":"max-video-preview:-1"},"canonical":"https:\/\/e-comgroup.com\/tr\/kume-danismanligi\/","og_locale":"tr_TR","og_type":"article","og_title":"K\u00fcme Dan\u0131\u015fmanl\u0131\u011f\u0131","og_url":"https:\/\/e-comgroup.com\/tr\/kume-danismanligi\/","og_site_name":"E-Com Group | Amazon Dan\u0131\u015fmanl\u0131k - SPN - Amazon Dan\u0131\u015fmanl\u0131\u011f\u0131","article_modified_time":"2025-06-10T13:38:10+00:00","twitter_card":"summary_large_image","twitter_misc":{"Tahmini okuma s\u00fcresi":"11 dakika"},"schema":{"@context":"https:\/\/schema.org","@graph":[{"@type":"WebPage","@id":"https:\/\/e-comgroup.com\/tr\/kume-danismanligi\/","url":"https:\/\/e-comgroup.com\/tr\/kume-danismanligi\/","name":"K\u00fcme Dan\u0131\u015fmanl\u0131\u011f\u0131 | E-Com Group | Amazon Dan\u0131\u015fmanl\u0131k - SPN - Amazon Dan\u0131\u015fmanl\u0131\u011f\u0131","isPartOf":{"@id":"https:\/\/e-comgroup.com\/tr\/#website"},"datePublished":"2025-03-12T11:57:33+00:00","dateModified":"2025-06-10T13:38:10+00:00","breadcrumb":{"@id":"https:\/\/e-comgroup.com\/tr\/kume-danismanligi\/#breadcrumb"},"inLanguage":"tr","potentialAction":[{"@type":"ReadAction","target":["https:\/\/e-comgroup.com\/tr\/kume-danismanligi\/"]}]},{"@type":"BreadcrumbList","@id":"https:\/\/e-comgroup.com\/tr\/kume-danismanligi\/#breadcrumb","itemListElement":[{"@type":"ListItem","position":1,"name":"Anasayfa","item":"https:\/\/e-comgroup.com\/tr\/"},{"@type":"ListItem","position":2,"name":"K\u00fcme Dan\u0131\u015fmanl\u0131\u011f\u0131"}]},{"@type":"WebSite","@id":"https:\/\/e-comgroup.com\/tr\/#website","url":"https:\/\/e-comgroup.com\/tr\/","name":"E-Com Group | Amazon Dan\u0131\u015fmanl\u0131k - SPN - Amazon Dan\u0131\u015fmanl\u0131\u011f\u0131","description":"","potentialAction":[{"@type":"SearchAction","target":{"@type":"EntryPoint","urlTemplate":"https:\/\/e-comgroup.com\/tr\/?s={search_term_string}"},"query-input":{"@type":"PropertyValueSpecification","valueRequired":true,"valueName":"search_term_string"}}],"inLanguage":"tr"}]}},"_links":{"self":[{"href":"https:\/\/e-comgroup.com\/tr\/wp-json\/wp\/v2\/pages\/1400","targetHints":{"allow":["GET"]}}],"collection":[{"href":"https:\/\/e-comgroup.com\/tr\/wp-json\/wp\/v2\/pages"}],"about":[{"href":"https:\/\/e-comgroup.com\/tr\/wp-json\/wp\/v2\/types\/page"}],"author":[{"embeddable":true,"href":"https:\/\/e-comgroup.com\/tr\/wp-json\/wp\/v2\/users\/1"}],"replies":[{"embeddable":true,"href":"https:\/\/e-comgroup.com\/tr\/wp-json\/wp\/v2\/comments?post=1400"}],"version-history":[{"count":104,"href":"https:\/\/e-comgroup.com\/tr\/wp-json\/wp\/v2\/pages\/1400\/revisions"}],"predecessor-version":[{"id":2767,"href":"https:\/\/e-comgroup.com\/tr\/wp-json\/wp\/v2\/pages\/1400\/revisions\/2767"}],"wp:attachment":[{"href":"https:\/\/e-comgroup.com\/tr\/wp-json\/wp\/v2\/media?parent=1400"}],"curies":[{"name":"wp","href":"https:\/\/api.w.org\/{rel}","templated":true}]}}