{"id":1076,"date":"2021-11-18T21:06:52","date_gmt":"2021-11-18T21:06:52","guid":{"rendered":"https:\/\/impreza26.us-themes.com\/?page_id=1076"},"modified":"2025-12-15T16:07:50","modified_gmt":"2025-12-15T13:07:50","slug":"hizmetlerimiz","status":"publish","type":"page","link":"https:\/\/e-comgroup.com\/tr\/hizmetlerimiz\/","title":{"rendered":"Hizmetlerimiz"},"content":{"rendered":"<section class=\"l-section wpb_row us_custom_e11ab399 height_huge color_primary with_video\"><div id=\"us_bg_video_l89d\" class=\"l-section-video\"><script id=\"us_bg_video_l89d-script\">!function(w){var node = document.getElementById( 'us_bg_video_l89d' );if ( w.innerWidth <= 140 ) { node.remove() }}(window);<\/script><style>@media(max-width:140px){#us_bg_video_l89d{display:none!important}}<\/style><video  autoplay loop muted playsinline preload=\"auto\"><source type=\"video\/mp4\" src=\"https:\/\/e-comgroup.com\/wp-content\/uploads\/2025\/03\/video-1-1-1.mp4\" \/><\/video><\/div><div class=\"l-section-overlay\" style=\"background:linear-gradient(20deg, rgba(0,73,94,0.91) 0%,rgba(0,31,84,0.93) 50%,rgba(0,17,46,0.95) 100%)\"><\/div><div class=\"l-section-h i-cf\"><div class=\"g-cols vc_row via_grid cols_1 laptops-cols_inherit tablets-cols_inherit mobiles-cols_1 valign_top type_default stacking_default\"><div class=\"wpb_column vc_column_container\"><div class=\"vc_column-inner\"><div class=\"w-separator size_medium\"><\/div><div class=\"w-separator size_custom\" style=\"height:15px\"><\/div><div class=\"w-vwrapper align_center valign_middle\"><div class=\"w-image us_custom_087b82db align_none\"><div class=\"w-image-h\"><img decoding=\"async\" width=\"800\" height=\"200\" src=\"https:\/\/e-comgroup.com\/tr\/wp-content\/uploads\/2025\/05\/hizmetlerimiz-balik.png\" class=\"attachment-full size-full\" alt=\"\" loading=\"lazy\" srcset=\"https:\/\/e-comgroup.com\/tr\/wp-content\/uploads\/2025\/05\/hizmetlerimiz-balik.png 800w, https:\/\/e-comgroup.com\/tr\/wp-content\/uploads\/2025\/05\/hizmetlerimiz-balik-300x75.png 300w\" sizes=\"auto, (max-width: 800px) 100vw, 800px\" \/><\/div><\/div><\/div><div class=\"w-separator size_custom\" style=\"height:10px\"><\/div><\/div><\/div><\/div><\/div><\/section><section class=\"l-section wpb_row height_medium width_custom\" style=\"--site-content-width:1700px;\"><div class=\"l-section-overlay\" style=\"background:#fafafa\"><\/div><div class=\"l-section-h i-cf\"><div class=\"g-cols vc_row via_grid cols_1 laptops-cols_inherit tablets-cols_inherit mobiles-cols_1 valign_top type_default stacking_default\"><div class=\"wpb_column vc_column_container\"><div class=\"vc_column-inner\"><div class=\"wpb_text_column\"><div class=\"wpb_wrapper\"><p>Amazon, Walmart ve eBay \u00fczerinden e-ihracat yapmak isteyen firmalara sundu\u011fumuz u\u00e7tan uca hizmetlere a\u015fa\u011f\u0131daki bloklar arac\u0131l\u0131\u011f\u0131yla ula\u015fabilirsiniz.\u00a0<\/p>\n<p>E-ihracat yap\u0131lacak ilgili \u00fclkede Sekt\u00f6r, Kategori ve Rakip Analizi ile ba\u015flay\u0131p, \u015eirket Kurulu\u015fu, Pazar Yeri Hesaplar\u0131n\u0131n A\u00e7\u0131lmas\u0131 ve Reklam Y\u00f6netimi ile devam ederek markalar\u0131n do\u011fru konumlanmas\u0131n\u0131 u\u00e7tan uca y\u00f6netiyoruz. \u015eirket Kurulu\u015fu ve hesaplar\u0131n a\u00e7\u0131lmas\u0131 s\u00fcrecini b\u00fcy\u00fck bir dikkat ve profesyonellikle y\u00f6netiyor, uzun vadede sorunlarla kar\u015f\u0131la\u015f\u0131lmamas\u0131 i\u00e7in s\u00fcreci en do\u011fru ve g\u00fcncel ad\u0131mlarla in\u015fa ediyoruz.\u00a0<\/p>\n<\/div><\/div><div class=\"w-grid type_grid layout_682 cols_4\" id=\"us_grid_1\" style=\"--columns:4;--gap:1.2rem;\"><style>@media (max-width:1380px){#us_grid_1{--columns:3!important}}@media (max-width:1024px){#us_grid_1{--columns:2!important}}@media (max-width:520px){#us_grid_1{--columns:1!important}}.layout_682 .w-grid-item-h{background:#ffffff;border-radius:0.3rem;box-shadow:0 0.02rem 0.04rem rgba(0,0,0,0.1),0 0.07rem 0.2rem rgba(0,0,0,0.1);transition-duration:0.3s}.no-touch .layout_682 .w-grid-item-h:hover{box-shadow:0 0.04rem 0.08rem rgba(0,0,0,0.1),0 0.13rem 0.4rem rgba(0,0,0,0.15);z-index:4}.layout_682 .usg_post_title_1{}.layout_682 .w-grid-item-h:focus-within .usg_post_title_1,.layout_682 .w-grid-item-h:hover .usg_post_title_1{border-color:var(--color-chrome-toolbar)!important;color:var(--color-header-transparent-text-hover)!important}.layout_682 .usg_vwrapper_1{transition-duration:1.05s}.layout_682 .w-grid-item-h:focus-within .usg_vwrapper_1,.layout_682 .w-grid-item-h:hover .usg_vwrapper_1{color:var(--color-content-heading)!important}.layout_682 .usg_post_image_1{margin-bottom:1rem!important;border-radius:10px!important}.layout_682 .usg_post_title_1{color:var(--color-content-secondary)!important;font-size:22px!important;line-height:1.2!important;margin-top:0.5rem!important;margin-bottom:0.5rem!important}.layout_682 .usg_post_content_1{color:#b3b3b3!important;font-size:16px!important;line-height:20px!important;margin-top:0.5rem!important;margin-bottom:55px!important}.layout_682 .usg_btn_1{font-size:14px!important;position:absolute!important;left:0px!important;bottom:0px!important;right:0px!important;margin:1.5rem 30px 30px 30px!important}.layout_682 .usg_vwrapper_1{padding:30px!important;margin:10px 0px 0px 0px!important}@media (min-width:1025px) and (max-width:1380px){.layout_682 .usg_post_title_1{color:var(--color-content-secondary)!important;font-size:20px!important;line-height:1.2!important}.layout_682 .usg_post_content_1{color:#b3b3b3!important;font-size:15px!important;line-height:20px!important;margin-top:0.5rem!important;margin-bottom:55px!important}.layout_682 .usg_btn_1{margin:1.5rem 25px 30px 25px!important}.layout_682 .usg_vwrapper_1{padding:25px!important;margin:10px 0px 0px 0px!important}}@media (min-width:521px) and (max-width:1024px){.layout_682 .usg_post_title_1{color:var(--color-content-secondary)!important;font-size:19px!important;line-height:1.2!important}.layout_682 .usg_post_content_1{color:#b3b3b3!important;font-size:14px!important;line-height:18px!important;margin-top:0.5rem!important;margin-bottom:55px!important}.layout_682 .usg_btn_1{margin:1.5rem 20px 30px 20px!important}.layout_682 .usg_vwrapper_1{padding:20px!important;margin:10px 0px 0px 0px!important}}@media (max-width:520px){.layout_682 .usg_post_title_1{color:var(--color-content-secondary)!important;font-size:19px!important;line-height:1.2!important}.layout_682 .usg_post_content_1{color:#b3b3b3!important;font-size:13px!important;line-height:18px!important;margin-top:0.5rem!important;margin-bottom:60px!important}.layout_682 .usg_btn_1{margin:1.5rem 10px 30px 10px!important}.layout_682 .usg_vwrapper_1{padding:20px 10px 10px 10px!important;margin:20px 15px 0px 15px!important}}<\/style><div class=\"w-grid-list\">\t<article class=\"w-grid-item size_1x1 post-2150 hizmet type-hizmet status-publish has-post-thumbnail hentry\" data-id=\"2150\">\r\n\t\t<div class=\"w-grid-item-h\">\r\n\t\t\t\t\t\t<div class=\"w-vwrapper usg_vwrapper_1\" style=\"--vwrapper-gap:0.4rem\"><div class=\"w-post-elm post_image usg_post_image_1 has_ratio\"><a href=\"https:\/\/e-comgroup.com\/tr\/hizmet\/sektor-ve-rakip-analizi\/\" aria-label=\"Sekt\u00f6r ve Rakip Analizi\"><img loading=\"lazy\" decoding=\"async\" width=\"1400\" height=\"934\" src=\"https:\/\/e-comgroup.com\/tr\/wp-content\/uploads\/2025\/04\/sektor-ve-rakip-analizi.webp\" class=\"attachment-full size-full wp-post-image\" alt=\"\" \/><\/a><div style=\"padding-bottom:75%\"><\/div><\/div><h3 class=\"w-post-elm post_title usg_post_title_1 has_text_color entry-title color_link_inherit\"><a href=\"https:\/\/e-comgroup.com\/tr\/hizmet\/sektor-ve-rakip-analizi\/\">Sekt\u00f6r ve Rakip Analizi<\/a><\/h3><div class=\"w-post-elm post_content usg_post_content_1 has_text_color\">Sekt\u00f6r ve rakip analizi, i\u015fletmelerin rekabet ortam\u0131n\u0131 anlayarak&hellip;<\/div><a class=\"w-btn us-btn-style_8 usg_btn_1\" href=\"https:\/\/e-comgroup.com\/tr\/hizmet\/sektor-ve-rakip-analizi\/\"><span class=\"w-btn-label\">Detayl\u0131 \u0130ncele<\/span><\/a><\/div>\t\t<\/div>\r\n\t\t\t<\/article>\r\n\t<article class=\"w-grid-item size_1x1 post-2152 hizmet type-hizmet status-publish has-post-thumbnail hentry\" data-id=\"2152\">\r\n\t\t<div class=\"w-grid-item-h\">\r\n\t\t\t\t\t\t<div class=\"w-vwrapper usg_vwrapper_1\" style=\"--vwrapper-gap:0.4rem\"><div class=\"w-post-elm post_image usg_post_image_1 has_ratio\"><a href=\"https:\/\/e-comgroup.com\/tr\/hizmet\/yurtdisi-sirket-kurulusu\/\" aria-label=\"Yurtd\u0131\u015f\u0131 \u015eirket Kurulu\u015fu\"><img loading=\"lazy\" decoding=\"async\" width=\"1000\" height=\"795\" src=\"https:\/\/e-comgroup.com\/tr\/wp-content\/uploads\/2025\/04\/yurtdisi-sirket-kurulusu.webp\" class=\"attachment-full size-full wp-post-image\" alt=\"\" \/><\/a><div style=\"padding-bottom:75%\"><\/div><\/div><h3 class=\"w-post-elm post_title usg_post_title_1 has_text_color entry-title color_link_inherit\"><a href=\"https:\/\/e-comgroup.com\/tr\/hizmet\/yurtdisi-sirket-kurulusu\/\">Yurtd\u0131\u015f\u0131 \u015eirket Kurulu\u015fu<\/a><\/h3><div class=\"w-post-elm post_content usg_post_content_1 has_text_color\">Elde etmek istedi\u011finiz ba\u015far\u0131l\u0131 sonu\u00e7lar i\u00e7in, yurt d\u0131\u015f\u0131nda&hellip;<\/div><a class=\"w-btn us-btn-style_8 usg_btn_1\" href=\"https:\/\/e-comgroup.com\/tr\/hizmet\/yurtdisi-sirket-kurulusu\/\"><span class=\"w-btn-label\">Detayl\u0131 \u0130ncele<\/span><\/a><\/div>\t\t<\/div>\r\n\t\t\t<\/article>\r\n\t<article class=\"w-grid-item size_1x1 post-2145 hizmet type-hizmet status-publish has-post-thumbnail hentry\" data-id=\"2145\">\r\n\t\t<div class=\"w-grid-item-h\">\r\n\t\t\t\t\t\t<div class=\"w-vwrapper usg_vwrapper_1\" style=\"--vwrapper-gap:0.4rem\"><div class=\"w-post-elm post_image usg_post_image_1 has_ratio\"><a href=\"https:\/\/e-comgroup.com\/tr\/hizmet\/amazon-magaza-acilisi\/\" aria-label=\"Amazon Ma\u011faza A\u00e7\u0131l\u0131\u015f\u0131\"><img loading=\"lazy\" decoding=\"async\" width=\"1500\" height=\"768\" src=\"https:\/\/e-comgroup.com\/tr\/wp-content\/uploads\/2025\/04\/amazon-magaza-acilimi.jpg\" class=\"attachment-full size-full wp-post-image\" alt=\"\" \/><\/a><div style=\"padding-bottom:75%\"><\/div><\/div><h3 class=\"w-post-elm post_title usg_post_title_1 has_text_color entry-title color_link_inherit\"><a href=\"https:\/\/e-comgroup.com\/tr\/hizmet\/amazon-magaza-acilisi\/\">Amazon Ma\u011faza A\u00e7\u0131l\u0131\u015f\u0131<\/a><\/h3><div class=\"w-post-elm post_content usg_post_content_1 has_text_color\">Amazon&#8217;da markan\u0131z\u0131 globale ta\u015f\u0131mak ve \u00fcr\u00fcnlerinizi yurtd\u0131\u015f\u0131nda satmak&hellip;<\/div><a class=\"w-btn us-btn-style_8 usg_btn_1\" href=\"https:\/\/e-comgroup.com\/tr\/hizmet\/amazon-magaza-acilisi\/\"><span class=\"w-btn-label\">Detayl\u0131 \u0130ncele<\/span><\/a><\/div>\t\t<\/div>\r\n\t\t\t<\/article>\r\n\t<article class=\"w-grid-item size_1x1 post-2149 hizmet type-hizmet status-publish has-post-thumbnail hentry\" data-id=\"2149\">\r\n\t\t<div class=\"w-grid-item-h\">\r\n\t\t\t\t\t\t<div class=\"w-vwrapper usg_vwrapper_1\" style=\"--vwrapper-gap:0.4rem\"><div class=\"w-post-elm post_image usg_post_image_1 has_ratio\"><a href=\"https:\/\/e-comgroup.com\/tr\/hizmet\/360-amazon-setup\/\" aria-label=\"360\u00b0 Amazon Setup\"><img loading=\"lazy\" decoding=\"async\" width=\"1200\" height=\"800\" src=\"https:\/\/e-comgroup.com\/tr\/wp-content\/uploads\/2025\/04\/kurulum-danismanligi-1.webp\" class=\"attachment-full size-full wp-post-image\" alt=\"\" \/><\/a><div style=\"padding-bottom:75%\"><\/div><\/div><h3 class=\"w-post-elm post_title usg_post_title_1 has_text_color entry-title color_link_inherit\"><a href=\"https:\/\/e-comgroup.com\/tr\/hizmet\/360-amazon-setup\/\">360\u00b0 Amazon Setup<\/a><\/h3><div class=\"w-post-elm post_content usg_post_content_1 has_text_color\">Kurulum dan\u0131\u015fmanl\u0131\u011f\u0131, Amazon pazaryerindeki stratejiniz belirlendikten sonra devam&hellip;<\/div><a class=\"w-btn us-btn-style_8 usg_btn_1\" href=\"https:\/\/e-comgroup.com\/tr\/hizmet\/360-amazon-setup\/\"><span class=\"w-btn-label\">Detayl\u0131 \u0130ncele<\/span><\/a><\/div>\t\t<\/div>\r\n\t\t\t<\/article>\r\n\t<article class=\"w-grid-item size_1x1 post-2151 hizmet type-hizmet status-publish has-post-thumbnail hentry\" data-id=\"2151\">\r\n\t\t<div class=\"w-grid-item-h\">\r\n\t\t\t\t\t\t<div class=\"w-vwrapper usg_vwrapper_1\" style=\"--vwrapper-gap:0.4rem\"><div class=\"w-post-elm post_image usg_post_image_1 has_ratio\"><a href=\"https:\/\/e-comgroup.com\/tr\/hizmet\/uluslararasi-lojistik-hizmetleri\/\" aria-label=\"Uluslararas\u0131 Lojistik Hizmetleri\"><img loading=\"lazy\" decoding=\"async\" width=\"1200\" height=\"800\" src=\"https:\/\/e-comgroup.com\/tr\/wp-content\/uploads\/2025\/04\/uluslararasi-lojistik-hizmetleri.webp\" class=\"attachment-full size-full wp-post-image\" alt=\"\" \/><\/a><div style=\"padding-bottom:75%\"><\/div><\/div><h3 class=\"w-post-elm post_title usg_post_title_1 has_text_color entry-title color_link_inherit\"><a href=\"https:\/\/e-comgroup.com\/tr\/hizmet\/uluslararasi-lojistik-hizmetleri\/\">Uluslararas\u0131 Lojistik Hizmetleri<\/a><\/h3><div class=\"w-post-elm post_content usg_post_content_1 has_text_color\">Amazon \u00fczerinde ister FBM (Sat\u0131c\u0131 taraf\u0131ndan g\u00f6nderim) isterseniz&hellip;<\/div><a class=\"w-btn us-btn-style_8 usg_btn_1\" href=\"https:\/\/e-comgroup.com\/tr\/hizmet\/uluslararasi-lojistik-hizmetleri\/\"><span class=\"w-btn-label\">Detayl\u0131 \u0130ncele<\/span><\/a><\/div>\t\t<\/div>\r\n\t\t\t<\/article>\r\n\t<article class=\"w-grid-item size_1x1 post-2147 hizmet type-hizmet status-publish has-post-thumbnail hentry\" data-id=\"2147\">\r\n\t\t<div class=\"w-grid-item-h\">\r\n\t\t\t\t\t\t<div class=\"w-vwrapper usg_vwrapper_1\" style=\"--vwrapper-gap:0.4rem\"><div class=\"w-post-elm post_image usg_post_image_1 has_ratio\"><a href=\"https:\/\/e-comgroup.com\/tr\/hizmet\/amazon-marka-kaydi-ve-yonetimi\/\" aria-label=\"Amazon Marka Kayd\u0131 ve Y\u00f6netimi\"><img loading=\"lazy\" decoding=\"async\" width=\"1500\" height=\"844\" src=\"https:\/\/e-comgroup.com\/tr\/wp-content\/uploads\/2025\/04\/amazon-marka-kaydi-ve-yonetimi.webp\" class=\"attachment-full size-full wp-post-image\" alt=\"\" \/><\/a><div style=\"padding-bottom:75%\"><\/div><\/div><h3 class=\"w-post-elm post_title usg_post_title_1 has_text_color entry-title color_link_inherit\"><a href=\"https:\/\/e-comgroup.com\/tr\/hizmet\/amazon-marka-kaydi-ve-yonetimi\/\">Amazon Marka Kayd\u0131 ve Y\u00f6netimi<\/a><\/h3><div class=\"w-post-elm post_content usg_post_content_1 has_text_color\">Amazon\u2019un d\u00fcnyan\u0131n en geli\u015fmi\u015f platform olmas\u0131n\u0131 sa\u011flayan etmenlerden&hellip;<\/div><a class=\"w-btn us-btn-style_8 usg_btn_1\" href=\"https:\/\/e-comgroup.com\/tr\/hizmet\/amazon-marka-kaydi-ve-yonetimi\/\"><span class=\"w-btn-label\">Detayl\u0131 \u0130ncele<\/span><\/a><\/div>\t\t<\/div>\r\n\t\t\t<\/article>\r\n\t<article class=\"w-grid-item size_1x1 post-2148 hizmet type-hizmet status-publish has-post-thumbnail hentry\" data-id=\"2148\">\r\n\t\t<div class=\"w-grid-item-h\">\r\n\t\t\t\t\t\t<div class=\"w-vwrapper usg_vwrapper_1\" style=\"--vwrapper-gap:0.4rem\"><div class=\"w-post-elm post_image usg_post_image_1 has_ratio\"><a href=\"https:\/\/e-comgroup.com\/tr\/hizmet\/amazon-reklam-optimizasyonu\/\" aria-label=\"Amazon Reklam Optimizasyonu\"><img loading=\"lazy\" decoding=\"async\" width=\"1500\" height=\"768\" src=\"https:\/\/e-comgroup.com\/tr\/wp-content\/uploads\/2025\/04\/amazon-reklam-optimizasyonu.jpg\" class=\"attachment-full size-full wp-post-image\" alt=\"\" \/><\/a><div style=\"padding-bottom:75%\"><\/div><\/div><h3 class=\"w-post-elm post_title usg_post_title_1 has_text_color entry-title color_link_inherit\"><a href=\"https:\/\/e-comgroup.com\/tr\/hizmet\/amazon-reklam-optimizasyonu\/\">Amazon Reklam Optimizasyonu<\/a><\/h3><div class=\"w-post-elm post_content usg_post_content_1 has_text_color\">Amazon d\u00fcnya genelinde hala en pop\u00fcler e-ticaret platformu&hellip;<\/div><a class=\"w-btn us-btn-style_8 usg_btn_1\" href=\"https:\/\/e-comgroup.com\/tr\/hizmet\/amazon-reklam-optimizasyonu\/\"><span class=\"w-btn-label\">Detayl\u0131 \u0130ncele<\/span><\/a><\/div>\t\t<\/div>\r\n\t\t\t<\/article>\r\n<\/div><div class=\"w-grid-preloader\">\t<div class=\"g-preloader type_2\">\r\n\t\t<div><\/div>\r\n\t<\/div>\r\n\t<\/div>\t<div class=\"w-grid-json hidden\" onclick='return {&quot;action&quot;:&quot;us_ajax_grid&quot;,&quot;infinite_scroll&quot;:0,&quot;max_num_pages&quot;:1,&quot;pagination&quot;:&quot;none&quot;,&quot;template_vars&quot;:{&quot;columns&quot;:&quot;4&quot;,&quot;exclude_items&quot;:&quot;none&quot;,&quot;img_size&quot;:&quot;default&quot;,&quot;ignore_items_size&quot;:0,&quot;items_layout&quot;:&quot;682&quot;,&quot;items_offset&quot;:&quot;1&quot;,&quot;load_animation&quot;:&quot;none&quot;,&quot;overriding_link&quot;:&quot;%7B%22url%22%3A%22%22%7D&quot;,&quot;post_id&quot;:0,&quot;query_args&quot;:{&quot;ignore_sticky_posts&quot;:1,&quot;post_type&quot;:&quot;any&quot;,&quot;post__in&quot;:[&quot;2150&quot;,&quot;2152&quot;,&quot;2145&quot;,&quot;2149&quot;,&quot;2151&quot;,&quot;2147&quot;,&quot;2148&quot;],&quot;posts_per_page&quot;:999},&quot;orderby_query_args&quot;:{&quot;orderby&quot;:{&quot;post__in&quot;:&quot;ASC&quot;},&quot;order&quot;:&quot;ASC&quot;},&quot;type&quot;:&quot;grid&quot;,&quot;us_grid_post_type&quot;:&quot;ids&quot;,&quot;us_grid_ajax_index&quot;:1,&quot;us_grid_filter_query_string&quot;:null,&quot;us_grid_index&quot;:1,&quot;page_args&quot;:[]}}'><\/div>\r\n\t<\/div><div class=\"w-separator size_large\"><\/div><\/div><\/div><\/div><\/div><\/section>\n","protected":false},"excerpt":{"rendered":"Amazon d\u00fcnya genelinde hala en pop\u00fcler e-ticaret platformu ve bu platform \u00fczerinde y\u0131llard\u0131r aktif olan sat\u0131c\u0131lar, marka bilinirli\u011fi y\u00fcksek \u00fcr\u00fcnler ve belirli bir hedef kitlesi olu\u015fmu\u015f anahtar kelimeler.. Bu kadar yo\u011fun kullan\u0131lan ve devlerin daha fazla pazar geni\u015flemesi i\u00e7in \u00e7abas\u0131 ve sermayesi varken, bu platformda ilk giri\u015f yapt\u0131\u011f\u0131n\u0131zda nas\u0131l yer edineceksiniz? Sadece SEO ile bu...","protected":false},"author":1,"featured_media":0,"parent":0,"menu_order":0,"comment_status":"closed","ping_status":"closed","template":"","meta":{"_acf_changed":false,"footnotes":""},"class_list":["post-1076","page","type-page","status-publish","hentry"],"acf":[],"yoast_head":"<!-- This site is optimized with the Yoast SEO Premium plugin v26.6 (Yoast SEO v26.6) - https:\/\/yoast.com\/wordpress\/plugins\/seo\/ -->\n<title>Hizmetlerimiz | E-Com Group | Amazon Dan\u0131\u015fmanl\u0131k - SPN - Amazon Dan\u0131\u015fmanl\u0131\u011f\u0131<\/title>\n<meta name=\"robots\" content=\"index, follow, max-snippet:-1, max-image-preview:large, max-video-preview:-1\" \/>\n<link rel=\"canonical\" href=\"https:\/\/e-comgroup.com\/tr\/hizmetlerimiz\/\" \/>\n<meta property=\"og:locale\" content=\"tr_TR\" \/>\n<meta property=\"og:type\" content=\"article\" \/>\n<meta property=\"og:title\" content=\"Hizmetlerimiz\" \/>\n<meta property=\"og:url\" content=\"https:\/\/e-comgroup.com\/tr\/hizmetlerimiz\/\" \/>\n<meta property=\"og:site_name\" content=\"E-Com Group | Amazon Dan\u0131\u015fmanl\u0131k - SPN - Amazon Dan\u0131\u015fmanl\u0131\u011f\u0131\" \/>\n<meta property=\"article:modified_time\" content=\"2025-12-15T13:07:50+00:00\" \/>\n<meta name=\"twitter:card\" content=\"summary_large_image\" \/>\n<meta name=\"twitter:label1\" content=\"Tahmini okuma s\u00fcresi\" \/>\n\t<meta name=\"twitter:data1\" content=\"1 dakika\" \/>\n<script type=\"application\/ld+json\" class=\"yoast-schema-graph\">{\"@context\":\"https:\/\/schema.org\",\"@graph\":[{\"@type\":\"WebPage\",\"@id\":\"https:\/\/e-comgroup.com\/tr\/hizmetlerimiz\/\",\"url\":\"https:\/\/e-comgroup.com\/tr\/hizmetlerimiz\/\",\"name\":\"Hizmetlerimiz | E-Com Group | Amazon Dan\u0131\u015fmanl\u0131k - SPN - Amazon Dan\u0131\u015fmanl\u0131\u011f\u0131\",\"isPartOf\":{\"@id\":\"https:\/\/e-comgroup.com\/tr\/#website\"},\"datePublished\":\"2021-11-18T21:06:52+00:00\",\"dateModified\":\"2025-12-15T13:07:50+00:00\",\"breadcrumb\":{\"@id\":\"https:\/\/e-comgroup.com\/tr\/hizmetlerimiz\/#breadcrumb\"},\"inLanguage\":\"tr\",\"potentialAction\":[{\"@type\":\"ReadAction\",\"target\":[\"https:\/\/e-comgroup.com\/tr\/hizmetlerimiz\/\"]}]},{\"@type\":\"BreadcrumbList\",\"@id\":\"https:\/\/e-comgroup.com\/tr\/hizmetlerimiz\/#breadcrumb\",\"itemListElement\":[{\"@type\":\"ListItem\",\"position\":1,\"name\":\"Anasayfa\",\"item\":\"https:\/\/e-comgroup.com\/tr\/\"},{\"@type\":\"ListItem\",\"position\":2,\"name\":\"Hizmetlerimiz\"}]},{\"@type\":\"WebSite\",\"@id\":\"https:\/\/e-comgroup.com\/tr\/#website\",\"url\":\"https:\/\/e-comgroup.com\/tr\/\",\"name\":\"E-Com Group | Amazon Dan\u0131\u015fmanl\u0131k - SPN - Amazon Dan\u0131\u015fmanl\u0131\u011f\u0131\",\"description\":\"\",\"potentialAction\":[{\"@type\":\"SearchAction\",\"target\":{\"@type\":\"EntryPoint\",\"urlTemplate\":\"https:\/\/e-comgroup.com\/tr\/?s={search_term_string}\"},\"query-input\":{\"@type\":\"PropertyValueSpecification\",\"valueRequired\":true,\"valueName\":\"search_term_string\"}}],\"inLanguage\":\"tr\"}]}<\/script>\n<!-- \/ Yoast SEO Premium plugin. -->","yoast_head_json":{"title":"Hizmetlerimiz | E-Com Group | Amazon Dan\u0131\u015fmanl\u0131k - SPN - Amazon Dan\u0131\u015fmanl\u0131\u011f\u0131","robots":{"index":"index","follow":"follow","max-snippet":"max-snippet:-1","max-image-preview":"max-image-preview:large","max-video-preview":"max-video-preview:-1"},"canonical":"https:\/\/e-comgroup.com\/tr\/hizmetlerimiz\/","og_locale":"tr_TR","og_type":"article","og_title":"Hizmetlerimiz","og_url":"https:\/\/e-comgroup.com\/tr\/hizmetlerimiz\/","og_site_name":"E-Com Group | Amazon Dan\u0131\u015fmanl\u0131k - SPN - Amazon Dan\u0131\u015fmanl\u0131\u011f\u0131","article_modified_time":"2025-12-15T13:07:50+00:00","twitter_card":"summary_large_image","twitter_misc":{"Tahmini okuma s\u00fcresi":"1 dakika"},"schema":{"@context":"https:\/\/schema.org","@graph":[{"@type":"WebPage","@id":"https:\/\/e-comgroup.com\/tr\/hizmetlerimiz\/","url":"https:\/\/e-comgroup.com\/tr\/hizmetlerimiz\/","name":"Hizmetlerimiz | E-Com Group | Amazon Dan\u0131\u015fmanl\u0131k - SPN - Amazon Dan\u0131\u015fmanl\u0131\u011f\u0131","isPartOf":{"@id":"https:\/\/e-comgroup.com\/tr\/#website"},"datePublished":"2021-11-18T21:06:52+00:00","dateModified":"2025-12-15T13:07:50+00:00","breadcrumb":{"@id":"https:\/\/e-comgroup.com\/tr\/hizmetlerimiz\/#breadcrumb"},"inLanguage":"tr","potentialAction":[{"@type":"ReadAction","target":["https:\/\/e-comgroup.com\/tr\/hizmetlerimiz\/"]}]},{"@type":"BreadcrumbList","@id":"https:\/\/e-comgroup.com\/tr\/hizmetlerimiz\/#breadcrumb","itemListElement":[{"@type":"ListItem","position":1,"name":"Anasayfa","item":"https:\/\/e-comgroup.com\/tr\/"},{"@type":"ListItem","position":2,"name":"Hizmetlerimiz"}]},{"@type":"WebSite","@id":"https:\/\/e-comgroup.com\/tr\/#website","url":"https:\/\/e-comgroup.com\/tr\/","name":"E-Com Group | Amazon Dan\u0131\u015fmanl\u0131k - SPN - Amazon Dan\u0131\u015fmanl\u0131\u011f\u0131","description":"","potentialAction":[{"@type":"SearchAction","target":{"@type":"EntryPoint","urlTemplate":"https:\/\/e-comgroup.com\/tr\/?s={search_term_string}"},"query-input":{"@type":"PropertyValueSpecification","valueRequired":true,"valueName":"search_term_string"}}],"inLanguage":"tr"}]}},"_links":{"self":[{"href":"https:\/\/e-comgroup.com\/tr\/wp-json\/wp\/v2\/pages\/1076","targetHints":{"allow":["GET"]}}],"collection":[{"href":"https:\/\/e-comgroup.com\/tr\/wp-json\/wp\/v2\/pages"}],"about":[{"href":"https:\/\/e-comgroup.com\/tr\/wp-json\/wp\/v2\/types\/page"}],"author":[{"embeddable":true,"href":"https:\/\/e-comgroup.com\/tr\/wp-json\/wp\/v2\/users\/1"}],"replies":[{"embeddable":true,"href":"https:\/\/e-comgroup.com\/tr\/wp-json\/wp\/v2\/comments?post=1076"}],"version-history":[{"count":73,"href":"https:\/\/e-comgroup.com\/tr\/wp-json\/wp\/v2\/pages\/1076\/revisions"}],"predecessor-version":[{"id":3206,"href":"https:\/\/e-comgroup.com\/tr\/wp-json\/wp\/v2\/pages\/1076\/revisions\/3206"}],"wp:attachment":[{"href":"https:\/\/e-comgroup.com\/tr\/wp-json\/wp\/v2\/media?parent=1076"}],"curies":[{"name":"wp","href":"https:\/\/api.w.org\/{rel}","templated":true}]}}